{"id":40769,"date":"2020-08-16T16:12:35","date_gmt":"2020-08-16T14:12:35","guid":{"rendered":"https:\/\/www.eiffageenergiasistemas.com\/eiffage\/eiffage-energia-subsidiaries\/eiffage-energia-chile\/"},"modified":"2023-01-26T10:53:45","modified_gmt":"2023-01-26T09:53:45","slug":"eiffage-energia-chile","status":"publish","type":"page","link":"https:\/\/www.eiffageenergiasistemas.com\/en\/eiffage\/eiffage-energia-subsidiaries\/eiffage-energia-chile\/","title":{"rendered":"Eiffage Energ\u00eda Chile"},"content":{"rendered":"\t\t<div data-elementor-type=\"wp-page\" data-elementor-id=\"40769\" class=\"elementor elementor-40769 elementor-25865\" data-elementor-post-type=\"page\">\n\t\t\t\t\t\t<section class=\"elementor-section elementor-top-section elementor-element elementor-element-39c5660 elementor-section-stretched elementor-section-boxed elementor-section-height-default elementor-section-height-default\" data-id=\"39c5660\" data-element_type=\"section\" data-e-type=\"section\" data-settings=\"{&quot;stretch_section&quot;:&quot;section-stretched&quot;}\">\n\t\t\t\t\t\t<div class=\"elementor-container elementor-column-gap-no\">\n\t\t\t\t\t<div class=\"elementor-column elementor-col-50 elementor-top-column elementor-element elementor-element-2a0ed17\" data-id=\"2a0ed17\" data-element_type=\"column\" data-e-type=\"column\">\n\t\t\t<div class=\"elementor-widget-wrap elementor-element-populated\">\n\t\t\t\t\t\t<div class=\"elementor-element elementor-element-e198361 elementor-widget elementor-widget-ucaddon_uc_scroll_reveal_text\" data-id=\"e198361\" data-element_type=\"widget\" data-e-type=\"widget\" data-widget_type=\"ucaddon_uc_scroll_reveal_text.default\">\n\t\t\t\t<div class=\"elementor-widget-container\">\n\t\t\t\t\t\n<!-- start Encabezado H1 -->\n\t\t<link id='uc_ac_assets_file_aos_css_26053-css' href='https:\/\/www.eiffageenergiasistemas.com\/wp-content\/uploads\/ac_assets\/uc_scroll_reveal_text\/aos.css' type='text\/css' rel='stylesheet' >\n\t\t<link id='uc_ac_assets_file_uc_scroll_reveal_text_css_3552-css' href='https:\/\/www.eiffageenergiasistemas.com\/wp-content\/uploads\/ac_assets\/uc_scroll_reveal_text\/uc_scroll_reveal_text.css' type='text\/css' rel='stylesheet' >\n\n<style>\/* widget: Encabezado H1 *\/\n\n#uc_uc_scroll_reveal_text_elementor_e198361.uc_scroll_reveal_text {\n    text-align: left;\n}\n#uc_uc_scroll_reveal_text_elementor_e198361 .uc_reveal_holder .uc_reveal-block {\n    background: #AAAAAA;\n}\n#uc_uc_scroll_reveal_text_elementor_e198361 .uc_reveal_holder .uc_reveal-block::before{\n  \tbackground: ;\n}\n\n<\/style>\n\n<section class=\"uc_scroll_reveal_text\" id=\"uc_uc_scroll_reveal_text_elementor_e198361\">\n    <div class=\"uc_reveal_holder\" data-aos=\"reveal-item\" >\n        <div class=\"uc_reveal-block right\" data-aos=\"reveal-right\" data-aos-delay=\"300\"><\/div>\n        <h1><span  class=\"uc_style_uc_scroll_reveal_text_elementor_title\" style=\"color:#000000;\">Eiffage Energ\u00eda Chile<\/span><\/h1>\n    <\/div>\n<\/section>\n<!-- end Encabezado H1 -->\t\t\t\t<\/div>\n\t\t\t\t<\/div>\n\t\t\t\t<div class=\"elementor-element elementor-element-8e57913 elementor-widget elementor-widget-image\" data-id=\"8e57913\" data-element_type=\"widget\" data-e-type=\"widget\" data-widget_type=\"image.default\">\n\t\t\t\t<div class=\"elementor-widget-container\">\n\t\t\t\t\t\t\t\t\t\t\t\t\t\t\t<img decoding=\"async\" width=\"246\" height=\"87\" src=\"https:\/\/www.eiffageenergiasistemas.com\/wp-content\/uploads\/2021\/03\/ee-chile.png\" class=\"attachment-full size-full wp-image-37445\" alt=\"\" \/>\t\t\t\t\t\t\t\t\t\t\t\t\t\t\t<\/div>\n\t\t\t\t<\/div>\n\t\t\t\t<div class=\"elementor-element elementor-element-6e3fb92 elementor-widget elementor-widget-text-editor\" data-id=\"6e3fb92\" data-element_type=\"widget\" data-e-type=\"widget\" data-widget_type=\"text-editor.default\">\n\t\t\t\t<div class=\"elementor-widget-container\">\n\t\t\t\t\t\t\t\t\t<p>Eiffage Energ\u00eda Chile is the subsidiary company of the Group Eiffage Energ\u00eda specialised in the execution and management of projects in the fields of energy, civil works and construction. The company offers a 360\u00b0 global service covering all phases of the project according to the needs of the client and scope of the EPCM project.<\/p>\n<p>Business Concept<br \/>\nImplementation of energy projects, civil works, buildings and singular constructions, opting for the competitive advantages of the Group Eiffage Energ\u00eda and its expertise in innovative solutions, with the aim of achieving a stable and long term relationship of confidence with customers in Chile.<\/p>\n<p>Mission and vision<br \/>\nThe mission of Eiffage Energ\u00eda Chile is to meet the demand of Chilean society in its need to reduce the high cost of the energy generated in Chile and to increase energy consumption using non-conventional renewable energy sources.<\/p>\n<p>The vision of Eiffage Energ\u00eda Chile is to become the benchmark partner leading the energy sector in Chile, with a highly committed team and with the aim of consolidating its capacity for sustainable growth and profitability.<\/p>\n\t\t\t\t\t\t\t\t<\/div>\n\t\t\t\t<\/div>\n\t\t\t\t\t<\/div>\n\t\t<\/div>\n\t\t\t\t<div class=\"elementor-column elementor-col-50 elementor-top-column elementor-element elementor-element-9d28a4f\" data-id=\"9d28a4f\" data-element_type=\"column\" data-e-type=\"column\">\n\t\t\t<div class=\"elementor-widget-wrap elementor-element-populated\">\n\t\t\t\t\t\t<div class=\"elementor-element elementor-element-8007bbc animated-slow elementor-invisible elementor-widget elementor-widget-image\" data-id=\"8007bbc\" data-element_type=\"widget\" data-e-type=\"widget\" data-settings=\"{&quot;_animation&quot;:&quot;fadeIn&quot;,&quot;_animation_delay&quot;:300}\" data-widget_type=\"image.default\">\n\t\t\t\t<div class=\"elementor-widget-container\">\n\t\t\t\t\t\t\t\t\t\t\t\t\t\t\t<img decoding=\"async\" src=\"https:\/\/www.eiffageenergiasistemas.com\/wp-content\/uploads\/elementor\/thumbs\/energia-chile-q0siggs7yzliaf6rzmsvmmlovwpdu3sb3ciia51o4w.jpg\" title=\"energia-chile\" alt=\"energia-chile\" loading=\"lazy\" \/>\t\t\t\t\t\t\t\t\t\t\t\t\t\t\t<\/div>\n\t\t\t\t<\/div>\n\t\t\t\t\t<\/div>\n\t\t<\/div>\n\t\t\t\t\t<\/div>\n\t\t<\/section>\n\t\t\t\t<section class=\"elementor-section elementor-top-section elementor-element elementor-element-c2f3739 elementor-section-stretched elementor-section-boxed elementor-section-height-default elementor-section-height-default\" data-id=\"c2f3739\" data-element_type=\"section\" data-e-type=\"section\" data-settings=\"{&quot;stretch_section&quot;:&quot;section-stretched&quot;}\">\n\t\t\t\t\t\t<div class=\"elementor-container elementor-column-gap-no\">\n\t\t\t\t\t<div class=\"elementor-column elementor-col-100 elementor-top-column elementor-element elementor-element-fd2d94c\" data-id=\"fd2d94c\" data-element_type=\"column\" data-e-type=\"column\">\n\t\t\t<div class=\"elementor-widget-wrap elementor-element-populated\">\n\t\t\t\t\t\t<div class=\"elementor-element elementor-element-674847e elementor-widget elementor-widget-spacer\" data-id=\"674847e\" data-element_type=\"widget\" data-e-type=\"widget\" data-widget_type=\"spacer.default\">\n\t\t\t\t<div class=\"elementor-widget-container\">\n\t\t\t\t\t\t\t<div class=\"elementor-spacer\">\n\t\t\t<div class=\"elementor-spacer-inner\"><\/div>\n\t\t<\/div>\n\t\t\t\t\t\t<\/div>\n\t\t\t\t<\/div>\n\t\t\t\t<div class=\"elementor-element elementor-element-d941f1f elementor-invisible elementor-widget elementor-widget-heading\" data-id=\"d941f1f\" data-element_type=\"widget\" data-e-type=\"widget\" data-settings=\"{&quot;_animation&quot;:&quot;fadeIn&quot;}\" data-widget_type=\"heading.default\">\n\t\t\t\t<div class=\"elementor-widget-container\">\n\t\t\t\t\t<h2 class=\"elementor-heading-title elementor-size-default\">Eiffage Energ\u00eda Chile's projects<\/h2>\t\t\t\t<\/div>\n\t\t\t\t<\/div>\n\t\t\t\t<div class=\"elementor-element elementor-element-6dccd3d elementor-widget elementor-widget-spacer\" data-id=\"6dccd3d\" data-element_type=\"widget\" data-e-type=\"widget\" data-widget_type=\"spacer.default\">\n\t\t\t\t<div class=\"elementor-widget-container\">\n\t\t\t\t\t\t\t<div class=\"elementor-spacer\">\n\t\t\t<div class=\"elementor-spacer-inner\"><\/div>\n\t\t<\/div>\n\t\t\t\t\t\t<\/div>\n\t\t\t\t<\/div>\n\t\t\t\t\t<\/div>\n\t\t<\/div>\n\t\t\t\t\t<\/div>\n\t\t<\/section>\n\t\t\t\t<\/div>\n\t\t","protected":false},"excerpt":{"rendered":"<p>Eiffage Energ\u00eda Chile is the subsidiary company of the Group Eiffage Energ\u00eda specialised in the execution and management of projects in the fields of energy, civil works and construction. The company offers a 360\u00b0 global service covering all phases of the project according to the needs of the client and scope of the EPCM project. &#8230; <a title=\"Eiffage Energ\u00eda Chile\" class=\"read-more\" href=\"https:\/\/www.eiffageenergiasistemas.com\/en\/eiffage\/eiffage-energia-subsidiaries\/eiffage-energia-chile\/\" aria-label=\"Read more about Eiffage Energ\u00eda Chile\">Read more<\/a><\/p>\n","protected":false},"author":1,"featured_media":0,"parent":40763,"menu_order":0,"comment_status":"closed","ping_status":"closed","template":"elementor_header_footer","meta":{"footnotes":""},"class_list":["post-40769","page","type-page","status-publish"],"yoast_head":"<!-- This site is optimized with the Yoast SEO plugin v27.5 - https:\/\/yoast.com\/product\/yoast-seo-wordpress\/ -->\n<title>Eiffage Energ\u00eda Chile - Eiffage Energ\u00eda Sistemas<\/title>\n<meta name=\"robots\" content=\"index, follow, max-snippet:-1, max-image-preview:large, max-video-preview:-1\" \/>\n<link rel=\"canonical\" href=\"https:\/\/www.eiffageenergiasistemas.com\/en\/eiffage\/eiffage-energia-subsidiaries\/eiffage-energia-chile\/\" \/>\n<meta property=\"og:locale\" content=\"en_US\" \/>\n<meta property=\"og:type\" content=\"article\" \/>\n<meta property=\"og:title\" content=\"Eiffage Energ\u00eda Chile - Eiffage Energ\u00eda Sistemas\" \/>\n<meta property=\"og:description\" content=\"Eiffage Energ\u00eda Chile is the subsidiary company of the Group Eiffage Energ\u00eda specialised in the execution and management of projects in the fields of energy, civil works and construction. The company offers a 360\u00b0 global service covering all phases of the project according to the needs of the client and scope of the EPCM project. ... Read more\" \/>\n<meta property=\"og:url\" content=\"https:\/\/www.eiffageenergiasistemas.com\/en\/eiffage\/eiffage-energia-subsidiaries\/eiffage-energia-chile\/\" \/>\n<meta property=\"og:site_name\" content=\"Eiffage Energ\u00eda Sistemas\" \/>\n<meta property=\"article:modified_time\" content=\"2023-01-26T09:53:45+00:00\" \/>\n<meta property=\"og:image\" content=\"https:\/\/www.eiffageenergiasistemas.com\/wp-content\/uploads\/2021\/03\/ee-chile.png\" \/>\n<meta name=\"twitter:card\" content=\"summary_large_image\" \/>\n<script type=\"application\/ld+json\" class=\"yoast-schema-graph\">{\"@context\":\"https:\\\/\\\/schema.org\",\"@graph\":[{\"@type\":\"WebPage\",\"@id\":\"https:\\\/\\\/www.eiffageenergiasistemas.com\\\/en\\\/eiffage\\\/eiffage-energia-subsidiaries\\\/eiffage-energia-chile\\\/\",\"url\":\"https:\\\/\\\/www.eiffageenergiasistemas.com\\\/en\\\/eiffage\\\/eiffage-energia-subsidiaries\\\/eiffage-energia-chile\\\/\",\"name\":\"Eiffage Energ\u00eda Chile - Eiffage Energ\u00eda Sistemas\",\"isPartOf\":{\"@id\":\"https:\\\/\\\/www.eiffageenergiasistemas.com\\\/en\\\/#website\"},\"primaryImageOfPage\":{\"@id\":\"https:\\\/\\\/www.eiffageenergiasistemas.com\\\/en\\\/eiffage\\\/eiffage-energia-subsidiaries\\\/eiffage-energia-chile\\\/#primaryimage\"},\"image\":{\"@id\":\"https:\\\/\\\/www.eiffageenergiasistemas.com\\\/en\\\/eiffage\\\/eiffage-energia-subsidiaries\\\/eiffage-energia-chile\\\/#primaryimage\"},\"thumbnailUrl\":\"https:\\\/\\\/www.eiffageenergiasistemas.com\\\/wp-content\\\/uploads\\\/2021\\\/03\\\/ee-chile.png\",\"datePublished\":\"2020-08-16T14:12:35+00:00\",\"dateModified\":\"2023-01-26T09:53:45+00:00\",\"breadcrumb\":{\"@id\":\"https:\\\/\\\/www.eiffageenergiasistemas.com\\\/en\\\/eiffage\\\/eiffage-energia-subsidiaries\\\/eiffage-energia-chile\\\/#breadcrumb\"},\"inLanguage\":\"en-US\",\"potentialAction\":[{\"@type\":\"ReadAction\",\"target\":[\"https:\\\/\\\/www.eiffageenergiasistemas.com\\\/en\\\/eiffage\\\/eiffage-energia-subsidiaries\\\/eiffage-energia-chile\\\/\"]}]},{\"@type\":\"ImageObject\",\"inLanguage\":\"en-US\",\"@id\":\"https:\\\/\\\/www.eiffageenergiasistemas.com\\\/en\\\/eiffage\\\/eiffage-energia-subsidiaries\\\/eiffage-energia-chile\\\/#primaryimage\",\"url\":\"https:\\\/\\\/www.eiffageenergiasistemas.com\\\/wp-content\\\/uploads\\\/2021\\\/03\\\/ee-chile.png\",\"contentUrl\":\"https:\\\/\\\/www.eiffageenergiasistemas.com\\\/wp-content\\\/uploads\\\/2021\\\/03\\\/ee-chile.png\"},{\"@type\":\"BreadcrumbList\",\"@id\":\"https:\\\/\\\/www.eiffageenergiasistemas.com\\\/en\\\/eiffage\\\/eiffage-energia-subsidiaries\\\/eiffage-energia-chile\\\/#breadcrumb\",\"itemListElement\":[{\"@type\":\"ListItem\",\"position\":1,\"name\":\"Home\",\"item\":\"https:\\\/\\\/www.eiffageenergiasistemas.com\\\/en\\\/\"},{\"@type\":\"ListItem\",\"position\":2,\"name\":\"Eiffage\",\"item\":\"https:\\\/\\\/www.eiffageenergiasistemas.com\\\/en\\\/eiffage\\\/\"},{\"@type\":\"ListItem\",\"position\":3,\"name\":\"Subsidiaries\",\"item\":\"https:\\\/\\\/www.eiffageenergiasistemas.com\\\/en\\\/eiffage\\\/filiales-de-eiffage-energia\\\/\"},{\"@type\":\"ListItem\",\"position\":4,\"name\":\"Eiffage Energ\u00eda Chile\"}]},{\"@type\":\"WebSite\",\"@id\":\"https:\\\/\\\/www.eiffageenergiasistemas.com\\\/en\\\/#website\",\"url\":\"https:\\\/\\\/www.eiffageenergiasistemas.com\\\/en\\\/\",\"name\":\"Eiffage Energ\u00eda Sistemas\",\"description\":\"\",\"publisher\":{\"@id\":\"https:\\\/\\\/www.eiffageenergiasistemas.com\\\/en\\\/#organization\"},\"potentialAction\":[{\"@type\":\"SearchAction\",\"target\":{\"@type\":\"EntryPoint\",\"urlTemplate\":\"https:\\\/\\\/www.eiffageenergiasistemas.com\\\/en\\\/?s={search_term_string}\"},\"query-input\":{\"@type\":\"PropertyValueSpecification\",\"valueRequired\":true,\"valueName\":\"search_term_string\"}}],\"inLanguage\":\"en-US\"},{\"@type\":\"Organization\",\"@id\":\"https:\\\/\\\/www.eiffageenergiasistemas.com\\\/en\\\/#organization\",\"name\":\"Eiffage Energ\u00eda Sistemas\",\"url\":\"https:\\\/\\\/www.eiffageenergiasistemas.com\\\/en\\\/\",\"logo\":{\"@type\":\"ImageObject\",\"inLanguage\":\"en-US\",\"@id\":\"https:\\\/\\\/www.eiffageenergiasistemas.com\\\/en\\\/#\\\/schema\\\/logo\\\/image\\\/\",\"url\":\"https:\\\/\\\/www.eiffageenergiasistemas.com\\\/wp-content\\\/uploads\\\/2022\\\/05\\\/cropped-cropped-eiffage-energia-sistemas-logo-1.png\",\"contentUrl\":\"https:\\\/\\\/www.eiffageenergiasistemas.com\\\/wp-content\\\/uploads\\\/2022\\\/05\\\/cropped-cropped-eiffage-energia-sistemas-logo-1.png\",\"width\":741,\"height\":250,\"caption\":\"Eiffage Energ\u00eda Sistemas\"},\"image\":{\"@id\":\"https:\\\/\\\/www.eiffageenergiasistemas.com\\\/en\\\/#\\\/schema\\\/logo\\\/image\\\/\"}}]}<\/script>\n<!-- \/ Yoast SEO plugin. -->","yoast_head_json":{"title":"Eiffage Energ\u00eda Chile - Eiffage Energ\u00eda Sistemas","robots":{"index":"index","follow":"follow","max-snippet":"max-snippet:-1","max-image-preview":"max-image-preview:large","max-video-preview":"max-video-preview:-1"},"canonical":"https:\/\/www.eiffageenergiasistemas.com\/en\/eiffage\/eiffage-energia-subsidiaries\/eiffage-energia-chile\/","og_locale":"en_US","og_type":"article","og_title":"Eiffage Energ\u00eda Chile - Eiffage Energ\u00eda Sistemas","og_description":"Eiffage Energ\u00eda Chile is the subsidiary company of the Group Eiffage Energ\u00eda specialised in the execution and management of projects in the fields of energy, civil works and construction. The company offers a 360\u00b0 global service covering all phases of the project according to the needs of the client and scope of the EPCM project. ... Read more","og_url":"https:\/\/www.eiffageenergiasistemas.com\/en\/eiffage\/eiffage-energia-subsidiaries\/eiffage-energia-chile\/","og_site_name":"Eiffage Energ\u00eda Sistemas","article_modified_time":"2023-01-26T09:53:45+00:00","og_image":[{"url":"https:\/\/www.eiffageenergiasistemas.com\/wp-content\/uploads\/2021\/03\/ee-chile.png","type":"","width":"","height":""}],"twitter_card":"summary_large_image","schema":{"@context":"https:\/\/schema.org","@graph":[{"@type":"WebPage","@id":"https:\/\/www.eiffageenergiasistemas.com\/en\/eiffage\/eiffage-energia-subsidiaries\/eiffage-energia-chile\/","url":"https:\/\/www.eiffageenergiasistemas.com\/en\/eiffage\/eiffage-energia-subsidiaries\/eiffage-energia-chile\/","name":"Eiffage Energ\u00eda Chile - Eiffage Energ\u00eda Sistemas","isPartOf":{"@id":"https:\/\/www.eiffageenergiasistemas.com\/en\/#website"},"primaryImageOfPage":{"@id":"https:\/\/www.eiffageenergiasistemas.com\/en\/eiffage\/eiffage-energia-subsidiaries\/eiffage-energia-chile\/#primaryimage"},"image":{"@id":"https:\/\/www.eiffageenergiasistemas.com\/en\/eiffage\/eiffage-energia-subsidiaries\/eiffage-energia-chile\/#primaryimage"},"thumbnailUrl":"https:\/\/www.eiffageenergiasistemas.com\/wp-content\/uploads\/2021\/03\/ee-chile.png","datePublished":"2020-08-16T14:12:35+00:00","dateModified":"2023-01-26T09:53:45+00:00","breadcrumb":{"@id":"https:\/\/www.eiffageenergiasistemas.com\/en\/eiffage\/eiffage-energia-subsidiaries\/eiffage-energia-chile\/#breadcrumb"},"inLanguage":"en-US","potentialAction":[{"@type":"ReadAction","target":["https:\/\/www.eiffageenergiasistemas.com\/en\/eiffage\/eiffage-energia-subsidiaries\/eiffage-energia-chile\/"]}]},{"@type":"ImageObject","inLanguage":"en-US","@id":"https:\/\/www.eiffageenergiasistemas.com\/en\/eiffage\/eiffage-energia-subsidiaries\/eiffage-energia-chile\/#primaryimage","url":"https:\/\/www.eiffageenergiasistemas.com\/wp-content\/uploads\/2021\/03\/ee-chile.png","contentUrl":"https:\/\/www.eiffageenergiasistemas.com\/wp-content\/uploads\/2021\/03\/ee-chile.png"},{"@type":"BreadcrumbList","@id":"https:\/\/www.eiffageenergiasistemas.com\/en\/eiffage\/eiffage-energia-subsidiaries\/eiffage-energia-chile\/#breadcrumb","itemListElement":[{"@type":"ListItem","position":1,"name":"Home","item":"https:\/\/www.eiffageenergiasistemas.com\/en\/"},{"@type":"ListItem","position":2,"name":"Eiffage","item":"https:\/\/www.eiffageenergiasistemas.com\/en\/eiffage\/"},{"@type":"ListItem","position":3,"name":"Subsidiaries","item":"https:\/\/www.eiffageenergiasistemas.com\/en\/eiffage\/filiales-de-eiffage-energia\/"},{"@type":"ListItem","position":4,"name":"Eiffage Energ\u00eda Chile"}]},{"@type":"WebSite","@id":"https:\/\/www.eiffageenergiasistemas.com\/en\/#website","url":"https:\/\/www.eiffageenergiasistemas.com\/en\/","name":"Eiffage Energ\u00eda Sistemas","description":"","publisher":{"@id":"https:\/\/www.eiffageenergiasistemas.com\/en\/#organization"},"potentialAction":[{"@type":"SearchAction","target":{"@type":"EntryPoint","urlTemplate":"https:\/\/www.eiffageenergiasistemas.com\/en\/?s={search_term_string}"},"query-input":{"@type":"PropertyValueSpecification","valueRequired":true,"valueName":"search_term_string"}}],"inLanguage":"en-US"},{"@type":"Organization","@id":"https:\/\/www.eiffageenergiasistemas.com\/en\/#organization","name":"Eiffage Energ\u00eda Sistemas","url":"https:\/\/www.eiffageenergiasistemas.com\/en\/","logo":{"@type":"ImageObject","inLanguage":"en-US","@id":"https:\/\/www.eiffageenergiasistemas.com\/en\/#\/schema\/logo\/image\/","url":"https:\/\/www.eiffageenergiasistemas.com\/wp-content\/uploads\/2022\/05\/cropped-cropped-eiffage-energia-sistemas-logo-1.png","contentUrl":"https:\/\/www.eiffageenergiasistemas.com\/wp-content\/uploads\/2022\/05\/cropped-cropped-eiffage-energia-sistemas-logo-1.png","width":741,"height":250,"caption":"Eiffage Energ\u00eda Sistemas"},"image":{"@id":"https:\/\/www.eiffageenergiasistemas.com\/en\/#\/schema\/logo\/image\/"}}]}},"_links":{"self":[{"href":"https:\/\/www.eiffageenergiasistemas.com\/en\/wp-json\/wp\/v2\/pages\/40769","targetHints":{"allow":["GET"]}}],"collection":[{"href":"https:\/\/www.eiffageenergiasistemas.com\/en\/wp-json\/wp\/v2\/pages"}],"about":[{"href":"https:\/\/www.eiffageenergiasistemas.com\/en\/wp-json\/wp\/v2\/types\/page"}],"author":[{"embeddable":true,"href":"https:\/\/www.eiffageenergiasistemas.com\/en\/wp-json\/wp\/v2\/users\/1"}],"replies":[{"embeddable":true,"href":"https:\/\/www.eiffageenergiasistemas.com\/en\/wp-json\/wp\/v2\/comments?post=40769"}],"version-history":[{"count":0,"href":"https:\/\/www.eiffageenergiasistemas.com\/en\/wp-json\/wp\/v2\/pages\/40769\/revisions"}],"up":[{"embeddable":true,"href":"https:\/\/www.eiffageenergiasistemas.com\/en\/wp-json\/wp\/v2\/pages\/40763"}],"wp:attachment":[{"href":"https:\/\/www.eiffageenergiasistemas.com\/en\/wp-json\/wp\/v2\/media?parent=40769"}],"curies":[{"name":"wp","href":"https:\/\/api.w.org\/{rel}","templated":true}]}}