{"id":40773,"date":"2021-02-11T01:08:42","date_gmt":"2021-02-11T01:08:42","guid":{"rendered":"https:\/\/www.eiffageenergiasistemas.com\/eiffage\/eiffage-energia-subsidiaries\/eiffage-energia-mexico\/"},"modified":"2022-02-21T15:25:55","modified_gmt":"2022-02-21T15:25:55","slug":"eiffage-energia-mexico","status":"publish","type":"page","link":"https:\/\/www.eiffageenergiasistemas.com\/en\/eiffage\/eiffage-energia-subsidiaries\/eiffage-energia-mexico\/","title":{"rendered":"Eiffage Energ\u00eda M\u00e9xico"},"content":{"rendered":"\t\t<div data-elementor-type=\"wp-page\" data-elementor-id=\"40773\" class=\"elementor elementor-40773 elementor-37019\" data-elementor-post-type=\"page\">\n\t\t\t\t\t\t<section class=\"elementor-section elementor-top-section elementor-element elementor-element-7aa3e41e elementor-section-stretched elementor-section-boxed elementor-section-height-default elementor-section-height-default\" data-id=\"7aa3e41e\" data-element_type=\"section\" data-e-type=\"section\" data-settings=\"{&quot;stretch_section&quot;:&quot;section-stretched&quot;}\">\n\t\t\t\t\t\t<div class=\"elementor-container elementor-column-gap-no\">\n\t\t\t\t\t<div class=\"elementor-column elementor-col-50 elementor-top-column elementor-element elementor-element-59794d01\" data-id=\"59794d01\" data-element_type=\"column\" data-e-type=\"column\">\n\t\t\t<div class=\"elementor-widget-wrap elementor-element-populated\">\n\t\t\t\t\t\t<div class=\"elementor-element elementor-element-5045cc91 elementor-widget elementor-widget-ucaddon_uc_scroll_reveal_text\" data-id=\"5045cc91\" data-element_type=\"widget\" data-e-type=\"widget\" data-widget_type=\"ucaddon_uc_scroll_reveal_text.default\">\n\t\t\t\t<div class=\"elementor-widget-container\">\n\t\t\t\t\t\n<!-- start Encabezado H1 -->\n\t\t<link id='uc_ac_assets_file_aos_css_26053-css' href='https:\/\/www.eiffageenergiasistemas.com\/wp-content\/uploads\/ac_assets\/uc_scroll_reveal_text\/aos.css' type='text\/css' rel='stylesheet' >\n\t\t<link id='uc_ac_assets_file_uc_scroll_reveal_text_css_3552-css' href='https:\/\/www.eiffageenergiasistemas.com\/wp-content\/uploads\/ac_assets\/uc_scroll_reveal_text\/uc_scroll_reveal_text.css' type='text\/css' rel='stylesheet' >\n\n<style>\/* widget: Encabezado H1 *\/\n\n#uc_uc_scroll_reveal_text_elementor_5045cc91.uc_scroll_reveal_text {\n    text-align: left;\n}\n#uc_uc_scroll_reveal_text_elementor_5045cc91 .uc_reveal_holder .uc_reveal-block {\n    background: #AAAAAA;\n}\n#uc_uc_scroll_reveal_text_elementor_5045cc91 .uc_reveal_holder .uc_reveal-block::before{\n  \tbackground: ;\n}\n\n<\/style>\n\n<section class=\"uc_scroll_reveal_text\" id=\"uc_uc_scroll_reveal_text_elementor_5045cc91\">\n    <div class=\"uc_reveal_holder\" data-aos=\"reveal-item\" >\n        <div class=\"uc_reveal-block right\" data-aos=\"reveal-right\" data-aos-delay=\"300\"><\/div>\n        <h1><span  class=\"uc_style_uc_scroll_reveal_text_elementor_title\" style=\"color:#000000;\">Eiffage Energ\u00eda M\u00e9xico<\/span><\/h1>\n    <\/div>\n<\/section>\n<!-- end Encabezado H1 -->\t\t\t\t<\/div>\n\t\t\t\t<\/div>\n\t\t\t\t<section class=\"elementor-section elementor-inner-section elementor-element elementor-element-3fc4c7cb elementor-section-boxed elementor-section-height-default elementor-section-height-default\" data-id=\"3fc4c7cb\" data-element_type=\"section\" data-e-type=\"section\">\n\t\t\t\t\t\t<div class=\"elementor-container elementor-column-gap-no\">\n\t\t\t\t\t<div class=\"elementor-column elementor-col-50 elementor-inner-column elementor-element elementor-element-6726f482\" data-id=\"6726f482\" data-element_type=\"column\" data-e-type=\"column\">\n\t\t\t<div class=\"elementor-widget-wrap elementor-element-populated\">\n\t\t\t\t\t\t<div class=\"elementor-element elementor-element-115feb5 elementor-widget elementor-widget-image\" data-id=\"115feb5\" data-element_type=\"widget\" data-e-type=\"widget\" data-widget_type=\"image.default\">\n\t\t\t\t<div class=\"elementor-widget-container\">\n\t\t\t\t\t\t\t\t\t\t\t\t\t\t\t<img decoding=\"async\" width=\"247\" height=\"87\" src=\"https:\/\/www.eiffageenergiasistemas.com\/wp-content\/uploads\/2021\/03\/ee-mexico.png\" class=\"attachment-large size-large wp-image-37449\" alt=\"\" \/>\t\t\t\t\t\t\t\t\t\t\t\t\t\t\t<\/div>\n\t\t\t\t<\/div>\n\t\t\t\t\t<\/div>\n\t\t<\/div>\n\t\t\t\t<div class=\"elementor-column elementor-col-50 elementor-inner-column elementor-element elementor-element-324a39\" data-id=\"324a39\" data-element_type=\"column\" data-e-type=\"column\">\n\t\t\t<div class=\"elementor-widget-wrap\">\n\t\t\t\t\t\t\t<\/div>\n\t\t<\/div>\n\t\t\t\t\t<\/div>\n\t\t<\/section>\n\t\t\t\t\t<\/div>\n\t\t<\/div>\n\t\t\t\t<div class=\"elementor-column elementor-col-50 elementor-top-column elementor-element elementor-element-64719158\" data-id=\"64719158\" data-element_type=\"column\" data-e-type=\"column\">\n\t\t\t<div class=\"elementor-widget-wrap\">\n\t\t\t\t\t\t\t<\/div>\n\t\t<\/div>\n\t\t\t\t\t<\/div>\n\t\t<\/section>\n\t\t\t\t<section class=\"elementor-section elementor-top-section elementor-element elementor-element-6b40363f elementor-section-stretched elementor-section-boxed elementor-section-height-default elementor-section-height-default\" data-id=\"6b40363f\" data-element_type=\"section\" data-e-type=\"section\" data-settings=\"{&quot;stretch_section&quot;:&quot;section-stretched&quot;}\">\n\t\t\t\t\t\t<div class=\"elementor-container elementor-column-gap-no\">\n\t\t\t\t\t<div class=\"elementor-column elementor-col-50 elementor-top-column elementor-element elementor-element-6dd02b95\" data-id=\"6dd02b95\" data-element_type=\"column\" data-e-type=\"column\">\n\t\t\t<div class=\"elementor-widget-wrap elementor-element-populated\">\n\t\t\t\t\t\t<div class=\"elementor-element elementor-element-76b6dfc3 elementor-widget elementor-widget-text-editor\" data-id=\"76b6dfc3\" data-element_type=\"widget\" data-e-type=\"widget\" data-widget_type=\"text-editor.default\">\n\t\t\t\t<div class=\"elementor-widget-container\">\n\t\t\t\t\t\t\t\t\tBuilding on the momentum of Renewable Energy in Mexico, the subsidiary <b>Eiffage Energ\u00eda Mexico<\/b> was created in 2017.\u00a0 Currently it has a consolidated structure with <b>projects in five states<\/b> of the Republic, including the construction of the <b>\u00a0Andaluc\u00eda II photovoltaic plant (106 MW), <\/b>\u00a0for OPDEnergy in the State of Coahuila.\r\n\r\nAt the moment, there is great potential in Mexico in terms of installations of less than 500 KW. For this reason, details are being finalized for the collaboration with two large investment funds that seek to invest in this type of client and consider Eiffage Energ\u00eda M\u00e9xico to be a trusted EPCist.\r\n\r\nIn addition, Eiffage Energ\u00eda M\u00e9xico participates in a large number of offers for the construction of projects with Solar and Wind Energy that will translate into a growth of our presence in this country, which continues to offer great opportunities for the development of renewable energies.\t\t\t\t\t\t\t\t<\/div>\n\t\t\t\t<\/div>\n\t\t\t\t\t<\/div>\n\t\t<\/div>\n\t\t\t\t<div class=\"elementor-column elementor-col-50 elementor-top-column elementor-element elementor-element-221f0081\" data-id=\"221f0081\" data-element_type=\"column\" data-e-type=\"column\">\n\t\t\t<div class=\"elementor-widget-wrap elementor-element-populated\">\n\t\t\t\t\t\t<div class=\"elementor-element elementor-element-c020c87 elementor-widget elementor-widget-video\" data-id=\"c020c87\" data-element_type=\"widget\" data-e-type=\"widget\" data-settings=\"{&quot;youtube_url&quot;:&quot;https:\\\/\\\/youtu.be\\\/xpuqdT1Rv1c&quot;,&quot;video_type&quot;:&quot;youtube&quot;,&quot;controls&quot;:&quot;yes&quot;}\" data-widget_type=\"video.default\">\n\t\t\t\t<div class=\"elementor-widget-container\">\n\t\t\t\t\t\t\t<div class=\"elementor-wrapper elementor-open-inline\">\n\t\t\t<div class=\"elementor-video\"><\/div>\t\t<\/div>\n\t\t\t\t\t\t<\/div>\n\t\t\t\t<\/div>\n\t\t\t\t\t<\/div>\n\t\t<\/div>\n\t\t\t\t\t<\/div>\n\t\t<\/section>\n\t\t\t\t<\/div>\n\t\t","protected":false},"excerpt":{"rendered":"<p>Building on the momentum of Renewable Energy in Mexico, the subsidiary Eiffage Energ\u00eda Mexico was created in 2017.\u00a0 Currently it has a consolidated structure with projects in five states of the Republic, including the construction of the \u00a0Andaluc\u00eda II photovoltaic plant (106 MW), \u00a0for OPDEnergy in the State of Coahuila. At the moment, there is &#8230; <a title=\"Eiffage Energ\u00eda M\u00e9xico\" class=\"read-more\" href=\"https:\/\/www.eiffageenergiasistemas.com\/en\/eiffage\/eiffage-energia-subsidiaries\/eiffage-energia-mexico\/\" aria-label=\"Read more about Eiffage Energ\u00eda M\u00e9xico\">Read more<\/a><\/p>\n","protected":false},"author":1,"featured_media":0,"parent":40763,"menu_order":0,"comment_status":"closed","ping_status":"closed","template":"elementor_header_footer","meta":{"footnotes":""},"class_list":["post-40773","page","type-page","status-publish"],"yoast_head":"<!-- This site is optimized with the Yoast SEO plugin v27.5 - https:\/\/yoast.com\/product\/yoast-seo-wordpress\/ -->\n<title>Eiffage Energ\u00eda M\u00e9xico - Eiffage Energ\u00eda Sistemas<\/title>\n<meta name=\"robots\" content=\"index, follow, max-snippet:-1, max-image-preview:large, max-video-preview:-1\" \/>\n<link rel=\"canonical\" href=\"https:\/\/www.eiffageenergiasistemas.com\/en\/eiffage\/eiffage-energia-subsidiaries\/eiffage-energia-mexico\/\" \/>\n<meta property=\"og:locale\" content=\"en_US\" \/>\n<meta property=\"og:type\" content=\"article\" \/>\n<meta property=\"og:title\" content=\"Eiffage Energ\u00eda M\u00e9xico - Eiffage Energ\u00eda Sistemas\" \/>\n<meta property=\"og:description\" content=\"Building on the momentum of Renewable Energy in Mexico, the subsidiary Eiffage Energ\u00eda Mexico was created in 2017.\u00a0 Currently it has a consolidated structure with projects in five states of the Republic, including the construction of the \u00a0Andaluc\u00eda II photovoltaic plant (106 MW), \u00a0for OPDEnergy in the State of Coahuila. At the moment, there is ... Read more\" \/>\n<meta property=\"og:url\" content=\"https:\/\/www.eiffageenergiasistemas.com\/en\/eiffage\/eiffage-energia-subsidiaries\/eiffage-energia-mexico\/\" \/>\n<meta property=\"og:site_name\" content=\"Eiffage Energ\u00eda Sistemas\" \/>\n<meta property=\"article:modified_time\" content=\"2022-02-21T15:25:55+00:00\" \/>\n<meta property=\"og:image\" content=\"https:\/\/www.eiffageenergiasistemas.com\/wp-content\/uploads\/2021\/03\/ee-mexico.png\" \/>\n<meta name=\"twitter:card\" content=\"summary_large_image\" \/>\n<script type=\"application\/ld+json\" class=\"yoast-schema-graph\">{\"@context\":\"https:\\\/\\\/schema.org\",\"@graph\":[{\"@type\":\"WebPage\",\"@id\":\"https:\\\/\\\/www.eiffageenergiasistemas.com\\\/en\\\/eiffage\\\/eiffage-energia-subsidiaries\\\/eiffage-energia-mexico\\\/\",\"url\":\"https:\\\/\\\/www.eiffageenergiasistemas.com\\\/en\\\/eiffage\\\/eiffage-energia-subsidiaries\\\/eiffage-energia-mexico\\\/\",\"name\":\"Eiffage Energ\u00eda M\u00e9xico - Eiffage Energ\u00eda Sistemas\",\"isPartOf\":{\"@id\":\"https:\\\/\\\/www.eiffageenergiasistemas.com\\\/en\\\/#website\"},\"primaryImageOfPage\":{\"@id\":\"https:\\\/\\\/www.eiffageenergiasistemas.com\\\/en\\\/eiffage\\\/eiffage-energia-subsidiaries\\\/eiffage-energia-mexico\\\/#primaryimage\"},\"image\":{\"@id\":\"https:\\\/\\\/www.eiffageenergiasistemas.com\\\/en\\\/eiffage\\\/eiffage-energia-subsidiaries\\\/eiffage-energia-mexico\\\/#primaryimage\"},\"thumbnailUrl\":\"https:\\\/\\\/www.eiffageenergiasistemas.com\\\/wp-content\\\/uploads\\\/2021\\\/03\\\/ee-mexico.png\",\"datePublished\":\"2021-02-11T01:08:42+00:00\",\"dateModified\":\"2022-02-21T15:25:55+00:00\",\"breadcrumb\":{\"@id\":\"https:\\\/\\\/www.eiffageenergiasistemas.com\\\/en\\\/eiffage\\\/eiffage-energia-subsidiaries\\\/eiffage-energia-mexico\\\/#breadcrumb\"},\"inLanguage\":\"en-US\",\"potentialAction\":[{\"@type\":\"ReadAction\",\"target\":[\"https:\\\/\\\/www.eiffageenergiasistemas.com\\\/en\\\/eiffage\\\/eiffage-energia-subsidiaries\\\/eiffage-energia-mexico\\\/\"]}]},{\"@type\":\"ImageObject\",\"inLanguage\":\"en-US\",\"@id\":\"https:\\\/\\\/www.eiffageenergiasistemas.com\\\/en\\\/eiffage\\\/eiffage-energia-subsidiaries\\\/eiffage-energia-mexico\\\/#primaryimage\",\"url\":\"https:\\\/\\\/www.eiffageenergiasistemas.com\\\/wp-content\\\/uploads\\\/2021\\\/03\\\/ee-mexico.png\",\"contentUrl\":\"https:\\\/\\\/www.eiffageenergiasistemas.com\\\/wp-content\\\/uploads\\\/2021\\\/03\\\/ee-mexico.png\"},{\"@type\":\"BreadcrumbList\",\"@id\":\"https:\\\/\\\/www.eiffageenergiasistemas.com\\\/en\\\/eiffage\\\/eiffage-energia-subsidiaries\\\/eiffage-energia-mexico\\\/#breadcrumb\",\"itemListElement\":[{\"@type\":\"ListItem\",\"position\":1,\"name\":\"Home\",\"item\":\"https:\\\/\\\/www.eiffageenergiasistemas.com\\\/en\\\/\"},{\"@type\":\"ListItem\",\"position\":2,\"name\":\"Eiffage\",\"item\":\"https:\\\/\\\/www.eiffageenergiasistemas.com\\\/en\\\/eiffage\\\/\"},{\"@type\":\"ListItem\",\"position\":3,\"name\":\"Subsidiaries\",\"item\":\"https:\\\/\\\/www.eiffageenergiasistemas.com\\\/en\\\/eiffage\\\/filiales-de-eiffage-energia\\\/\"},{\"@type\":\"ListItem\",\"position\":4,\"name\":\"Eiffage Energ\u00eda M\u00e9xico\"}]},{\"@type\":\"WebSite\",\"@id\":\"https:\\\/\\\/www.eiffageenergiasistemas.com\\\/en\\\/#website\",\"url\":\"https:\\\/\\\/www.eiffageenergiasistemas.com\\\/en\\\/\",\"name\":\"Eiffage Energ\u00eda Sistemas\",\"description\":\"\",\"publisher\":{\"@id\":\"https:\\\/\\\/www.eiffageenergiasistemas.com\\\/en\\\/#organization\"},\"potentialAction\":[{\"@type\":\"SearchAction\",\"target\":{\"@type\":\"EntryPoint\",\"urlTemplate\":\"https:\\\/\\\/www.eiffageenergiasistemas.com\\\/en\\\/?s={search_term_string}\"},\"query-input\":{\"@type\":\"PropertyValueSpecification\",\"valueRequired\":true,\"valueName\":\"search_term_string\"}}],\"inLanguage\":\"en-US\"},{\"@type\":\"Organization\",\"@id\":\"https:\\\/\\\/www.eiffageenergiasistemas.com\\\/en\\\/#organization\",\"name\":\"Eiffage Energ\u00eda Sistemas\",\"url\":\"https:\\\/\\\/www.eiffageenergiasistemas.com\\\/en\\\/\",\"logo\":{\"@type\":\"ImageObject\",\"inLanguage\":\"en-US\",\"@id\":\"https:\\\/\\\/www.eiffageenergiasistemas.com\\\/en\\\/#\\\/schema\\\/logo\\\/image\\\/\",\"url\":\"https:\\\/\\\/www.eiffageenergiasistemas.com\\\/wp-content\\\/uploads\\\/2022\\\/05\\\/cropped-cropped-eiffage-energia-sistemas-logo-1.png\",\"contentUrl\":\"https:\\\/\\\/www.eiffageenergiasistemas.com\\\/wp-content\\\/uploads\\\/2022\\\/05\\\/cropped-cropped-eiffage-energia-sistemas-logo-1.png\",\"width\":741,\"height\":250,\"caption\":\"Eiffage Energ\u00eda Sistemas\"},\"image\":{\"@id\":\"https:\\\/\\\/www.eiffageenergiasistemas.com\\\/en\\\/#\\\/schema\\\/logo\\\/image\\\/\"}}]}<\/script>\n<!-- \/ Yoast SEO plugin. -->","yoast_head_json":{"title":"Eiffage Energ\u00eda M\u00e9xico - Eiffage Energ\u00eda Sistemas","robots":{"index":"index","follow":"follow","max-snippet":"max-snippet:-1","max-image-preview":"max-image-preview:large","max-video-preview":"max-video-preview:-1"},"canonical":"https:\/\/www.eiffageenergiasistemas.com\/en\/eiffage\/eiffage-energia-subsidiaries\/eiffage-energia-mexico\/","og_locale":"en_US","og_type":"article","og_title":"Eiffage Energ\u00eda M\u00e9xico - Eiffage Energ\u00eda Sistemas","og_description":"Building on the momentum of Renewable Energy in Mexico, the subsidiary Eiffage Energ\u00eda Mexico was created in 2017.\u00a0 Currently it has a consolidated structure with projects in five states of the Republic, including the construction of the \u00a0Andaluc\u00eda II photovoltaic plant (106 MW), \u00a0for OPDEnergy in the State of Coahuila. At the moment, there is ... Read more","og_url":"https:\/\/www.eiffageenergiasistemas.com\/en\/eiffage\/eiffage-energia-subsidiaries\/eiffage-energia-mexico\/","og_site_name":"Eiffage Energ\u00eda Sistemas","article_modified_time":"2022-02-21T15:25:55+00:00","og_image":[{"url":"https:\/\/www.eiffageenergiasistemas.com\/wp-content\/uploads\/2021\/03\/ee-mexico.png","type":"","width":"","height":""}],"twitter_card":"summary_large_image","schema":{"@context":"https:\/\/schema.org","@graph":[{"@type":"WebPage","@id":"https:\/\/www.eiffageenergiasistemas.com\/en\/eiffage\/eiffage-energia-subsidiaries\/eiffage-energia-mexico\/","url":"https:\/\/www.eiffageenergiasistemas.com\/en\/eiffage\/eiffage-energia-subsidiaries\/eiffage-energia-mexico\/","name":"Eiffage Energ\u00eda M\u00e9xico - Eiffage Energ\u00eda Sistemas","isPartOf":{"@id":"https:\/\/www.eiffageenergiasistemas.com\/en\/#website"},"primaryImageOfPage":{"@id":"https:\/\/www.eiffageenergiasistemas.com\/en\/eiffage\/eiffage-energia-subsidiaries\/eiffage-energia-mexico\/#primaryimage"},"image":{"@id":"https:\/\/www.eiffageenergiasistemas.com\/en\/eiffage\/eiffage-energia-subsidiaries\/eiffage-energia-mexico\/#primaryimage"},"thumbnailUrl":"https:\/\/www.eiffageenergiasistemas.com\/wp-content\/uploads\/2021\/03\/ee-mexico.png","datePublished":"2021-02-11T01:08:42+00:00","dateModified":"2022-02-21T15:25:55+00:00","breadcrumb":{"@id":"https:\/\/www.eiffageenergiasistemas.com\/en\/eiffage\/eiffage-energia-subsidiaries\/eiffage-energia-mexico\/#breadcrumb"},"inLanguage":"en-US","potentialAction":[{"@type":"ReadAction","target":["https:\/\/www.eiffageenergiasistemas.com\/en\/eiffage\/eiffage-energia-subsidiaries\/eiffage-energia-mexico\/"]}]},{"@type":"ImageObject","inLanguage":"en-US","@id":"https:\/\/www.eiffageenergiasistemas.com\/en\/eiffage\/eiffage-energia-subsidiaries\/eiffage-energia-mexico\/#primaryimage","url":"https:\/\/www.eiffageenergiasistemas.com\/wp-content\/uploads\/2021\/03\/ee-mexico.png","contentUrl":"https:\/\/www.eiffageenergiasistemas.com\/wp-content\/uploads\/2021\/03\/ee-mexico.png"},{"@type":"BreadcrumbList","@id":"https:\/\/www.eiffageenergiasistemas.com\/en\/eiffage\/eiffage-energia-subsidiaries\/eiffage-energia-mexico\/#breadcrumb","itemListElement":[{"@type":"ListItem","position":1,"name":"Home","item":"https:\/\/www.eiffageenergiasistemas.com\/en\/"},{"@type":"ListItem","position":2,"name":"Eiffage","item":"https:\/\/www.eiffageenergiasistemas.com\/en\/eiffage\/"},{"@type":"ListItem","position":3,"name":"Subsidiaries","item":"https:\/\/www.eiffageenergiasistemas.com\/en\/eiffage\/filiales-de-eiffage-energia\/"},{"@type":"ListItem","position":4,"name":"Eiffage Energ\u00eda M\u00e9xico"}]},{"@type":"WebSite","@id":"https:\/\/www.eiffageenergiasistemas.com\/en\/#website","url":"https:\/\/www.eiffageenergiasistemas.com\/en\/","name":"Eiffage Energ\u00eda Sistemas","description":"","publisher":{"@id":"https:\/\/www.eiffageenergiasistemas.com\/en\/#organization"},"potentialAction":[{"@type":"SearchAction","target":{"@type":"EntryPoint","urlTemplate":"https:\/\/www.eiffageenergiasistemas.com\/en\/?s={search_term_string}"},"query-input":{"@type":"PropertyValueSpecification","valueRequired":true,"valueName":"search_term_string"}}],"inLanguage":"en-US"},{"@type":"Organization","@id":"https:\/\/www.eiffageenergiasistemas.com\/en\/#organization","name":"Eiffage Energ\u00eda Sistemas","url":"https:\/\/www.eiffageenergiasistemas.com\/en\/","logo":{"@type":"ImageObject","inLanguage":"en-US","@id":"https:\/\/www.eiffageenergiasistemas.com\/en\/#\/schema\/logo\/image\/","url":"https:\/\/www.eiffageenergiasistemas.com\/wp-content\/uploads\/2022\/05\/cropped-cropped-eiffage-energia-sistemas-logo-1.png","contentUrl":"https:\/\/www.eiffageenergiasistemas.com\/wp-content\/uploads\/2022\/05\/cropped-cropped-eiffage-energia-sistemas-logo-1.png","width":741,"height":250,"caption":"Eiffage Energ\u00eda Sistemas"},"image":{"@id":"https:\/\/www.eiffageenergiasistemas.com\/en\/#\/schema\/logo\/image\/"}}]}},"_links":{"self":[{"href":"https:\/\/www.eiffageenergiasistemas.com\/en\/wp-json\/wp\/v2\/pages\/40773","targetHints":{"allow":["GET"]}}],"collection":[{"href":"https:\/\/www.eiffageenergiasistemas.com\/en\/wp-json\/wp\/v2\/pages"}],"about":[{"href":"https:\/\/www.eiffageenergiasistemas.com\/en\/wp-json\/wp\/v2\/types\/page"}],"author":[{"embeddable":true,"href":"https:\/\/www.eiffageenergiasistemas.com\/en\/wp-json\/wp\/v2\/users\/1"}],"replies":[{"embeddable":true,"href":"https:\/\/www.eiffageenergiasistemas.com\/en\/wp-json\/wp\/v2\/comments?post=40773"}],"version-history":[{"count":0,"href":"https:\/\/www.eiffageenergiasistemas.com\/en\/wp-json\/wp\/v2\/pages\/40773\/revisions"}],"up":[{"embeddable":true,"href":"https:\/\/www.eiffageenergiasistemas.com\/en\/wp-json\/wp\/v2\/pages\/40763"}],"wp:attachment":[{"href":"https:\/\/www.eiffageenergiasistemas.com\/en\/wp-json\/wp\/v2\/media?parent=40773"}],"curies":[{"name":"wp","href":"https:\/\/api.w.org\/{rel}","templated":true}]}}