{"id":40774,"date":"2021-02-11T01:07:35","date_gmt":"2021-02-11T01:07:35","guid":{"rendered":"https:\/\/www.eiffageenergiasistemas.com\/eiffage\/eiffage-energia-subsidiaries\/eiffage-energia-peru\/"},"modified":"2022-02-15T09:07:53","modified_gmt":"2022-02-15T09:07:53","slug":"eiffage-energia-peru","status":"publish","type":"page","link":"https:\/\/www.eiffageenergiasistemas.com\/en\/eiffage\/eiffage-energia-subsidiaries\/eiffage-energia-peru\/","title":{"rendered":"Eiffage Energ\u00eda Per\u00fa"},"content":{"rendered":"\t\t<div data-elementor-type=\"wp-page\" data-elementor-id=\"40774\" class=\"elementor elementor-40774 elementor-37017\" data-elementor-post-type=\"page\">\n\t\t\t\t\t\t<section class=\"elementor-section elementor-top-section elementor-element elementor-element-570bb90d elementor-section-stretched elementor-section-boxed elementor-section-height-default elementor-section-height-default\" data-id=\"570bb90d\" data-element_type=\"section\" data-e-type=\"section\" data-settings=\"{&quot;stretch_section&quot;:&quot;section-stretched&quot;}\">\n\t\t\t\t\t\t<div class=\"elementor-container elementor-column-gap-no\">\n\t\t\t\t\t<div class=\"elementor-column elementor-col-50 elementor-top-column elementor-element elementor-element-28882c63\" data-id=\"28882c63\" data-element_type=\"column\" data-e-type=\"column\">\n\t\t\t<div class=\"elementor-widget-wrap elementor-element-populated\">\n\t\t\t\t\t\t<div class=\"elementor-element elementor-element-40a2b7e5 elementor-widget elementor-widget-ucaddon_uc_scroll_reveal_text\" data-id=\"40a2b7e5\" data-element_type=\"widget\" data-e-type=\"widget\" data-widget_type=\"ucaddon_uc_scroll_reveal_text.default\">\n\t\t\t\t<div class=\"elementor-widget-container\">\n\t\t\t\t\t\n<!-- start Encabezado H1 -->\n\t\t<link id='uc_ac_assets_file_aos_css_26053-css' href='https:\/\/www.eiffageenergiasistemas.com\/wp-content\/uploads\/ac_assets\/uc_scroll_reveal_text\/aos.css' type='text\/css' rel='stylesheet' >\n\t\t<link id='uc_ac_assets_file_uc_scroll_reveal_text_css_3552-css' href='https:\/\/www.eiffageenergiasistemas.com\/wp-content\/uploads\/ac_assets\/uc_scroll_reveal_text\/uc_scroll_reveal_text.css' type='text\/css' rel='stylesheet' >\n\n<style>\/* widget: Encabezado H1 *\/\n\n#uc_uc_scroll_reveal_text_elementor_40a2b7e5.uc_scroll_reveal_text {\n    text-align: left;\n}\n#uc_uc_scroll_reveal_text_elementor_40a2b7e5 .uc_reveal_holder .uc_reveal-block {\n    background: #AAAAAA;\n}\n#uc_uc_scroll_reveal_text_elementor_40a2b7e5 .uc_reveal_holder .uc_reveal-block::before{\n  \tbackground: ;\n}\n\n<\/style>\n\n<section class=\"uc_scroll_reveal_text\" id=\"uc_uc_scroll_reveal_text_elementor_40a2b7e5\">\n    <div class=\"uc_reveal_holder\" data-aos=\"reveal-item\" >\n        <div class=\"uc_reveal-block right\" data-aos=\"reveal-right\" data-aos-delay=\"300\"><\/div>\n        <h1><span  class=\"uc_style_uc_scroll_reveal_text_elementor_title\" style=\"color:#000000;\">Eiffage Energ\u00eda Per\u00fa<\/span><\/h1>\n    <\/div>\n<\/section>\n<!-- end Encabezado H1 -->\t\t\t\t<\/div>\n\t\t\t\t<\/div>\n\t\t\t\t<section class=\"elementor-section elementor-inner-section elementor-element elementor-element-39e89ae1 elementor-section-boxed elementor-section-height-default elementor-section-height-default\" data-id=\"39e89ae1\" data-element_type=\"section\" data-e-type=\"section\">\n\t\t\t\t\t\t<div class=\"elementor-container elementor-column-gap-no\">\n\t\t\t\t\t<div class=\"elementor-column elementor-col-100 elementor-inner-column elementor-element elementor-element-61edd045\" data-id=\"61edd045\" data-element_type=\"column\" data-e-type=\"column\">\n\t\t\t<div class=\"elementor-widget-wrap elementor-element-populated\">\n\t\t\t\t\t\t<div class=\"elementor-element elementor-element-2104986 elementor-widget elementor-widget-image\" data-id=\"2104986\" data-element_type=\"widget\" data-e-type=\"widget\" data-widget_type=\"image.default\">\n\t\t\t\t<div class=\"elementor-widget-container\">\n\t\t\t\t\t\t\t\t\t\t\t\t\t\t\t<img decoding=\"async\" width=\"252\" height=\"87\" src=\"https:\/\/www.eiffageenergiasistemas.com\/wp-content\/uploads\/2021\/03\/ee-peru.png\" class=\"attachment-large size-large wp-image-37451\" alt=\"\" \/>\t\t\t\t\t\t\t\t\t\t\t\t\t\t\t<\/div>\n\t\t\t\t<\/div>\n\t\t\t\t\t<\/div>\n\t\t<\/div>\n\t\t\t\t\t<\/div>\n\t\t<\/section>\n\t\t\t\t\t<\/div>\n\t\t<\/div>\n\t\t\t\t<div class=\"elementor-column elementor-col-50 elementor-top-column elementor-element elementor-element-701090\" data-id=\"701090\" data-element_type=\"column\" data-e-type=\"column\">\n\t\t\t<div class=\"elementor-widget-wrap elementor-element-populated\">\n\t\t\t\t\t\t<div class=\"elementor-element elementor-element-a4c46db elementor-widget elementor-widget-image\" data-id=\"a4c46db\" data-element_type=\"widget\" data-e-type=\"widget\" data-widget_type=\"image.default\">\n\t\t\t\t<div class=\"elementor-widget-container\">\n\t\t\t\t\t\t\t\t\t\t\t\t\t\t\t<img fetchpriority=\"high\" decoding=\"async\" width=\"768\" height=\"768\" src=\"https:\/\/www.eiffageenergiasistemas.com\/wp-content\/uploads\/2020\/11\/alta-tension-eiffage-energia-768x768.jpg\" class=\"attachment-medium_large size-medium_large wp-image-29730\" alt=\"\" srcset=\"https:\/\/www.eiffageenergiasistemas.com\/wp-content\/uploads\/2020\/11\/alta-tension-eiffage-energia-768x768.jpg 768w, https:\/\/www.eiffageenergiasistemas.com\/wp-content\/uploads\/2020\/11\/alta-tension-eiffage-energia-300x300.jpg 300w, https:\/\/www.eiffageenergiasistemas.com\/wp-content\/uploads\/2020\/11\/alta-tension-eiffage-energia-1024x1024.jpg 1024w, https:\/\/www.eiffageenergiasistemas.com\/wp-content\/uploads\/2020\/11\/alta-tension-eiffage-energia-150x150.jpg 150w, https:\/\/www.eiffageenergiasistemas.com\/wp-content\/uploads\/2020\/11\/alta-tension-eiffage-energia-1536x1536.jpg 1536w, https:\/\/www.eiffageenergiasistemas.com\/wp-content\/uploads\/2020\/11\/alta-tension-eiffage-energia.jpg 2000w\" sizes=\"(max-width: 768px) 100vw, 768px\" \/>\t\t\t\t\t\t\t\t\t\t\t\t\t\t\t<\/div>\n\t\t\t\t<\/div>\n\t\t\t\t\t<\/div>\n\t\t<\/div>\n\t\t\t\t\t<\/div>\n\t\t<\/section>\n\t\t\t\t<section class=\"elementor-section elementor-top-section elementor-element elementor-element-7555adf8 elementor-section-stretched elementor-section-boxed elementor-section-height-default elementor-section-height-default\" data-id=\"7555adf8\" data-element_type=\"section\" data-e-type=\"section\" data-settings=\"{&quot;stretch_section&quot;:&quot;section-stretched&quot;}\">\n\t\t\t\t\t\t<div class=\"elementor-container elementor-column-gap-no\">\n\t\t\t\t\t<div class=\"elementor-column elementor-col-33 elementor-top-column elementor-element elementor-element-6f97a47c\" data-id=\"6f97a47c\" data-element_type=\"column\" data-e-type=\"column\">\n\t\t\t<div class=\"elementor-widget-wrap elementor-element-populated\">\n\t\t\t\t\t\t<div class=\"elementor-element elementor-element-692f8ab8 elementor-widget elementor-widget-text-editor\" data-id=\"692f8ab8\" data-element_type=\"widget\" data-e-type=\"widget\" data-widget_type=\"text-editor.default\">\n\t\t\t\t<div class=\"elementor-widget-container\">\n\t\t\t\t\t\t\t\t\tThe opening of the <b>Eiffage Energ\u00eda subsidiary in Peru<\/b>, based in Lima, coincided with the award of an important electrical infrastructure project to the company: the construction of two sections of transmission lines that connect several substations, a field where Eiffage Energ\u00eda is a benchmark, both in Spain and abroad.\r\n\r\nThe opening of our new Peruvian subsidiary coincides with the <strong>Eiffage Energ\u00eda award for an important electrical infrastructure project<\/strong>, which has come about thanks to three fundamental factors: our competitive offer, the optimal planning we have performed for its execution and the vast experience gained over recent years in similar projects, which has made us a <a href=\"http:\/\/energia.eiffage.es\/en\/electric-infrastructure\/\"><strong>benchmark in the construction of transmission lines<\/strong><\/a> in Spain and beyond.\r\n\r\nThis electrical infrastructure project in Peru consists of the construction of <strong>two sections of transmission lines that connect several substations<\/strong>, whose execution will be marked by the environmental conditions of the area, with altitudes of more than 4,000 metres, low temperatures and the peculiarity of working during the rainy season. In short, a competitive project for which we have adjusted the size of our resources and reduced deadlines.\t\t\t\t\t\t\t\t<\/div>\n\t\t\t\t<\/div>\n\t\t\t\t\t<\/div>\n\t\t<\/div>\n\t\t\t\t<div class=\"elementor-column elementor-col-33 elementor-top-column elementor-element elementor-element-4a127d28\" data-id=\"4a127d28\" data-element_type=\"column\" data-e-type=\"column\">\n\t\t\t<div class=\"elementor-widget-wrap\">\n\t\t\t\t\t\t\t<\/div>\n\t\t<\/div>\n\t\t\t\t<div class=\"elementor-column elementor-col-33 elementor-top-column elementor-element elementor-element-184d1b0e\" data-id=\"184d1b0e\" data-element_type=\"column\" data-e-type=\"column\">\n\t\t\t<div class=\"elementor-widget-wrap elementor-element-populated\">\n\t\t\t\t\t\t<div class=\"elementor-element elementor-element-3d11c06e elementor-blockquote--skin-quotation elementor-blockquote--align-left elementor-widget elementor-widget-blockquote\" data-id=\"3d11c06e\" data-element_type=\"widget\" data-e-type=\"widget\" data-widget_type=\"blockquote.default\">\n\t\t\t\t<div class=\"elementor-widget-container\">\n\t\t\t\t\t\t\t<blockquote class=\"elementor-blockquote\">\n\t\t\t<p class=\"elementor-blockquote__content\">\n\t\t\t\tExperiencia en la construccu\u00f3n de infraestructuras el\u00e9ctricas nos avala\t\t\t<\/p>\n\t\t\t\t\t<\/blockquote>\n\t\t\t\t\t\t<\/div>\n\t\t\t\t<\/div>\n\t\t\t\t\t<\/div>\n\t\t<\/div>\n\t\t\t\t\t<\/div>\n\t\t<\/section>\n\t\t\t\t<\/div>\n\t\t","protected":false},"excerpt":{"rendered":"<p>The opening of the Eiffage Energ\u00eda subsidiary in Peru, based in Lima, coincided with the award of an important electrical infrastructure project to the company: the construction of two sections of transmission lines that connect several substations, a field where Eiffage Energ\u00eda is a benchmark, both in Spain and abroad. The opening of our new &#8230; <a title=\"Eiffage Energ\u00eda Per\u00fa\" class=\"read-more\" href=\"https:\/\/www.eiffageenergiasistemas.com\/en\/eiffage\/eiffage-energia-subsidiaries\/eiffage-energia-peru\/\" aria-label=\"Read more about Eiffage Energ\u00eda Per\u00fa\">Read more<\/a><\/p>\n","protected":false},"author":1,"featured_media":0,"parent":40763,"menu_order":0,"comment_status":"closed","ping_status":"closed","template":"elementor_header_footer","meta":{"footnotes":""},"class_list":["post-40774","page","type-page","status-publish"],"yoast_head":"<!-- This site is optimized with the Yoast SEO plugin v27.5 - https:\/\/yoast.com\/product\/yoast-seo-wordpress\/ -->\n<title>Eiffage Energ\u00eda Per\u00fa - Eiffage Energ\u00eda Sistemas<\/title>\n<meta name=\"robots\" content=\"index, follow, max-snippet:-1, max-image-preview:large, max-video-preview:-1\" \/>\n<link rel=\"canonical\" href=\"https:\/\/www.eiffageenergiasistemas.com\/en\/eiffage\/eiffage-energia-subsidiaries\/eiffage-energia-peru\/\" \/>\n<meta property=\"og:locale\" content=\"en_US\" \/>\n<meta property=\"og:type\" content=\"article\" \/>\n<meta property=\"og:title\" content=\"Eiffage Energ\u00eda Per\u00fa - Eiffage Energ\u00eda Sistemas\" \/>\n<meta property=\"og:description\" content=\"The opening of the Eiffage Energ\u00eda subsidiary in Peru, based in Lima, coincided with the award of an important electrical infrastructure project to the company: the construction of two sections of transmission lines that connect several substations, a field where Eiffage Energ\u00eda is a benchmark, both in Spain and abroad. The opening of our new ... Read more\" \/>\n<meta property=\"og:url\" content=\"https:\/\/www.eiffageenergiasistemas.com\/en\/eiffage\/eiffage-energia-subsidiaries\/eiffage-energia-peru\/\" \/>\n<meta property=\"og:site_name\" content=\"Eiffage Energ\u00eda Sistemas\" \/>\n<meta property=\"article:modified_time\" content=\"2022-02-15T09:07:53+00:00\" \/>\n<meta property=\"og:image\" content=\"https:\/\/www.eiffageenergiasistemas.com\/wp-content\/uploads\/2021\/03\/ee-peru.png\" \/>\n<meta name=\"twitter:card\" content=\"summary_large_image\" \/>\n<script type=\"application\/ld+json\" class=\"yoast-schema-graph\">{\"@context\":\"https:\\\/\\\/schema.org\",\"@graph\":[{\"@type\":\"WebPage\",\"@id\":\"https:\\\/\\\/www.eiffageenergiasistemas.com\\\/en\\\/eiffage\\\/eiffage-energia-subsidiaries\\\/eiffage-energia-peru\\\/\",\"url\":\"https:\\\/\\\/www.eiffageenergiasistemas.com\\\/en\\\/eiffage\\\/eiffage-energia-subsidiaries\\\/eiffage-energia-peru\\\/\",\"name\":\"Eiffage Energ\u00eda Per\u00fa - Eiffage Energ\u00eda Sistemas\",\"isPartOf\":{\"@id\":\"https:\\\/\\\/www.eiffageenergiasistemas.com\\\/en\\\/#website\"},\"primaryImageOfPage\":{\"@id\":\"https:\\\/\\\/www.eiffageenergiasistemas.com\\\/en\\\/eiffage\\\/eiffage-energia-subsidiaries\\\/eiffage-energia-peru\\\/#primaryimage\"},\"image\":{\"@id\":\"https:\\\/\\\/www.eiffageenergiasistemas.com\\\/en\\\/eiffage\\\/eiffage-energia-subsidiaries\\\/eiffage-energia-peru\\\/#primaryimage\"},\"thumbnailUrl\":\"https:\\\/\\\/www.eiffageenergiasistemas.com\\\/wp-content\\\/uploads\\\/2021\\\/03\\\/ee-peru.png\",\"datePublished\":\"2021-02-11T01:07:35+00:00\",\"dateModified\":\"2022-02-15T09:07:53+00:00\",\"breadcrumb\":{\"@id\":\"https:\\\/\\\/www.eiffageenergiasistemas.com\\\/en\\\/eiffage\\\/eiffage-energia-subsidiaries\\\/eiffage-energia-peru\\\/#breadcrumb\"},\"inLanguage\":\"en-US\",\"potentialAction\":[{\"@type\":\"ReadAction\",\"target\":[\"https:\\\/\\\/www.eiffageenergiasistemas.com\\\/en\\\/eiffage\\\/eiffage-energia-subsidiaries\\\/eiffage-energia-peru\\\/\"]}]},{\"@type\":\"ImageObject\",\"inLanguage\":\"en-US\",\"@id\":\"https:\\\/\\\/www.eiffageenergiasistemas.com\\\/en\\\/eiffage\\\/eiffage-energia-subsidiaries\\\/eiffage-energia-peru\\\/#primaryimage\",\"url\":\"https:\\\/\\\/www.eiffageenergiasistemas.com\\\/wp-content\\\/uploads\\\/2021\\\/03\\\/ee-peru.png\",\"contentUrl\":\"https:\\\/\\\/www.eiffageenergiasistemas.com\\\/wp-content\\\/uploads\\\/2021\\\/03\\\/ee-peru.png\"},{\"@type\":\"BreadcrumbList\",\"@id\":\"https:\\\/\\\/www.eiffageenergiasistemas.com\\\/en\\\/eiffage\\\/eiffage-energia-subsidiaries\\\/eiffage-energia-peru\\\/#breadcrumb\",\"itemListElement\":[{\"@type\":\"ListItem\",\"position\":1,\"name\":\"Home\",\"item\":\"https:\\\/\\\/www.eiffageenergiasistemas.com\\\/en\\\/\"},{\"@type\":\"ListItem\",\"position\":2,\"name\":\"Eiffage\",\"item\":\"https:\\\/\\\/www.eiffageenergiasistemas.com\\\/en\\\/eiffage\\\/\"},{\"@type\":\"ListItem\",\"position\":3,\"name\":\"Subsidiaries\",\"item\":\"https:\\\/\\\/www.eiffageenergiasistemas.com\\\/en\\\/eiffage\\\/filiales-de-eiffage-energia\\\/\"},{\"@type\":\"ListItem\",\"position\":4,\"name\":\"Eiffage Energ\u00eda Per\u00fa\"}]},{\"@type\":\"WebSite\",\"@id\":\"https:\\\/\\\/www.eiffageenergiasistemas.com\\\/en\\\/#website\",\"url\":\"https:\\\/\\\/www.eiffageenergiasistemas.com\\\/en\\\/\",\"name\":\"Eiffage Energ\u00eda Sistemas\",\"description\":\"\",\"publisher\":{\"@id\":\"https:\\\/\\\/www.eiffageenergiasistemas.com\\\/en\\\/#organization\"},\"potentialAction\":[{\"@type\":\"SearchAction\",\"target\":{\"@type\":\"EntryPoint\",\"urlTemplate\":\"https:\\\/\\\/www.eiffageenergiasistemas.com\\\/en\\\/?s={search_term_string}\"},\"query-input\":{\"@type\":\"PropertyValueSpecification\",\"valueRequired\":true,\"valueName\":\"search_term_string\"}}],\"inLanguage\":\"en-US\"},{\"@type\":\"Organization\",\"@id\":\"https:\\\/\\\/www.eiffageenergiasistemas.com\\\/en\\\/#organization\",\"name\":\"Eiffage Energ\u00eda Sistemas\",\"url\":\"https:\\\/\\\/www.eiffageenergiasistemas.com\\\/en\\\/\",\"logo\":{\"@type\":\"ImageObject\",\"inLanguage\":\"en-US\",\"@id\":\"https:\\\/\\\/www.eiffageenergiasistemas.com\\\/en\\\/#\\\/schema\\\/logo\\\/image\\\/\",\"url\":\"https:\\\/\\\/www.eiffageenergiasistemas.com\\\/wp-content\\\/uploads\\\/2022\\\/05\\\/cropped-cropped-eiffage-energia-sistemas-logo-1.png\",\"contentUrl\":\"https:\\\/\\\/www.eiffageenergiasistemas.com\\\/wp-content\\\/uploads\\\/2022\\\/05\\\/cropped-cropped-eiffage-energia-sistemas-logo-1.png\",\"width\":741,\"height\":250,\"caption\":\"Eiffage Energ\u00eda Sistemas\"},\"image\":{\"@id\":\"https:\\\/\\\/www.eiffageenergiasistemas.com\\\/en\\\/#\\\/schema\\\/logo\\\/image\\\/\"}}]}<\/script>\n<!-- \/ Yoast SEO plugin. -->","yoast_head_json":{"title":"Eiffage Energ\u00eda Per\u00fa - Eiffage Energ\u00eda Sistemas","robots":{"index":"index","follow":"follow","max-snippet":"max-snippet:-1","max-image-preview":"max-image-preview:large","max-video-preview":"max-video-preview:-1"},"canonical":"https:\/\/www.eiffageenergiasistemas.com\/en\/eiffage\/eiffage-energia-subsidiaries\/eiffage-energia-peru\/","og_locale":"en_US","og_type":"article","og_title":"Eiffage Energ\u00eda Per\u00fa - Eiffage Energ\u00eda Sistemas","og_description":"The opening of the Eiffage Energ\u00eda subsidiary in Peru, based in Lima, coincided with the award of an important electrical infrastructure project to the company: the construction of two sections of transmission lines that connect several substations, a field where Eiffage Energ\u00eda is a benchmark, both in Spain and abroad. The opening of our new ... Read more","og_url":"https:\/\/www.eiffageenergiasistemas.com\/en\/eiffage\/eiffage-energia-subsidiaries\/eiffage-energia-peru\/","og_site_name":"Eiffage Energ\u00eda Sistemas","article_modified_time":"2022-02-15T09:07:53+00:00","og_image":[{"url":"https:\/\/www.eiffageenergiasistemas.com\/wp-content\/uploads\/2021\/03\/ee-peru.png","type":"","width":"","height":""}],"twitter_card":"summary_large_image","schema":{"@context":"https:\/\/schema.org","@graph":[{"@type":"WebPage","@id":"https:\/\/www.eiffageenergiasistemas.com\/en\/eiffage\/eiffage-energia-subsidiaries\/eiffage-energia-peru\/","url":"https:\/\/www.eiffageenergiasistemas.com\/en\/eiffage\/eiffage-energia-subsidiaries\/eiffage-energia-peru\/","name":"Eiffage Energ\u00eda Per\u00fa - Eiffage Energ\u00eda Sistemas","isPartOf":{"@id":"https:\/\/www.eiffageenergiasistemas.com\/en\/#website"},"primaryImageOfPage":{"@id":"https:\/\/www.eiffageenergiasistemas.com\/en\/eiffage\/eiffage-energia-subsidiaries\/eiffage-energia-peru\/#primaryimage"},"image":{"@id":"https:\/\/www.eiffageenergiasistemas.com\/en\/eiffage\/eiffage-energia-subsidiaries\/eiffage-energia-peru\/#primaryimage"},"thumbnailUrl":"https:\/\/www.eiffageenergiasistemas.com\/wp-content\/uploads\/2021\/03\/ee-peru.png","datePublished":"2021-02-11T01:07:35+00:00","dateModified":"2022-02-15T09:07:53+00:00","breadcrumb":{"@id":"https:\/\/www.eiffageenergiasistemas.com\/en\/eiffage\/eiffage-energia-subsidiaries\/eiffage-energia-peru\/#breadcrumb"},"inLanguage":"en-US","potentialAction":[{"@type":"ReadAction","target":["https:\/\/www.eiffageenergiasistemas.com\/en\/eiffage\/eiffage-energia-subsidiaries\/eiffage-energia-peru\/"]}]},{"@type":"ImageObject","inLanguage":"en-US","@id":"https:\/\/www.eiffageenergiasistemas.com\/en\/eiffage\/eiffage-energia-subsidiaries\/eiffage-energia-peru\/#primaryimage","url":"https:\/\/www.eiffageenergiasistemas.com\/wp-content\/uploads\/2021\/03\/ee-peru.png","contentUrl":"https:\/\/www.eiffageenergiasistemas.com\/wp-content\/uploads\/2021\/03\/ee-peru.png"},{"@type":"BreadcrumbList","@id":"https:\/\/www.eiffageenergiasistemas.com\/en\/eiffage\/eiffage-energia-subsidiaries\/eiffage-energia-peru\/#breadcrumb","itemListElement":[{"@type":"ListItem","position":1,"name":"Home","item":"https:\/\/www.eiffageenergiasistemas.com\/en\/"},{"@type":"ListItem","position":2,"name":"Eiffage","item":"https:\/\/www.eiffageenergiasistemas.com\/en\/eiffage\/"},{"@type":"ListItem","position":3,"name":"Subsidiaries","item":"https:\/\/www.eiffageenergiasistemas.com\/en\/eiffage\/filiales-de-eiffage-energia\/"},{"@type":"ListItem","position":4,"name":"Eiffage Energ\u00eda Per\u00fa"}]},{"@type":"WebSite","@id":"https:\/\/www.eiffageenergiasistemas.com\/en\/#website","url":"https:\/\/www.eiffageenergiasistemas.com\/en\/","name":"Eiffage Energ\u00eda Sistemas","description":"","publisher":{"@id":"https:\/\/www.eiffageenergiasistemas.com\/en\/#organization"},"potentialAction":[{"@type":"SearchAction","target":{"@type":"EntryPoint","urlTemplate":"https:\/\/www.eiffageenergiasistemas.com\/en\/?s={search_term_string}"},"query-input":{"@type":"PropertyValueSpecification","valueRequired":true,"valueName":"search_term_string"}}],"inLanguage":"en-US"},{"@type":"Organization","@id":"https:\/\/www.eiffageenergiasistemas.com\/en\/#organization","name":"Eiffage Energ\u00eda Sistemas","url":"https:\/\/www.eiffageenergiasistemas.com\/en\/","logo":{"@type":"ImageObject","inLanguage":"en-US","@id":"https:\/\/www.eiffageenergiasistemas.com\/en\/#\/schema\/logo\/image\/","url":"https:\/\/www.eiffageenergiasistemas.com\/wp-content\/uploads\/2022\/05\/cropped-cropped-eiffage-energia-sistemas-logo-1.png","contentUrl":"https:\/\/www.eiffageenergiasistemas.com\/wp-content\/uploads\/2022\/05\/cropped-cropped-eiffage-energia-sistemas-logo-1.png","width":741,"height":250,"caption":"Eiffage Energ\u00eda Sistemas"},"image":{"@id":"https:\/\/www.eiffageenergiasistemas.com\/en\/#\/schema\/logo\/image\/"}}]}},"_links":{"self":[{"href":"https:\/\/www.eiffageenergiasistemas.com\/en\/wp-json\/wp\/v2\/pages\/40774","targetHints":{"allow":["GET"]}}],"collection":[{"href":"https:\/\/www.eiffageenergiasistemas.com\/en\/wp-json\/wp\/v2\/pages"}],"about":[{"href":"https:\/\/www.eiffageenergiasistemas.com\/en\/wp-json\/wp\/v2\/types\/page"}],"author":[{"embeddable":true,"href":"https:\/\/www.eiffageenergiasistemas.com\/en\/wp-json\/wp\/v2\/users\/1"}],"replies":[{"embeddable":true,"href":"https:\/\/www.eiffageenergiasistemas.com\/en\/wp-json\/wp\/v2\/comments?post=40774"}],"version-history":[{"count":0,"href":"https:\/\/www.eiffageenergiasistemas.com\/en\/wp-json\/wp\/v2\/pages\/40774\/revisions"}],"up":[{"embeddable":true,"href":"https:\/\/www.eiffageenergiasistemas.com\/en\/wp-json\/wp\/v2\/pages\/40763"}],"wp:attachment":[{"href":"https:\/\/www.eiffageenergiasistemas.com\/en\/wp-json\/wp\/v2\/media?parent=40774"}],"curies":[{"name":"wp","href":"https:\/\/api.w.org\/{rel}","templated":true}]}}