{"id":42436,"date":"2020-08-16T16:12:08","date_gmt":"2020-08-16T14:12:08","guid":{"rendered":"https:\/\/www.eiffageenergiasistemas.com\/eiffage\/eiffage-energia-subsidiaries\/eds\/"},"modified":"2022-02-01T15:16:37","modified_gmt":"2022-02-01T15:16:37","slug":"eds","status":"publish","type":"page","link":"https:\/\/www.eiffageenergiasistemas.com\/en\/eiffage\/eiffage-energia-subsidiaries\/eds\/","title":{"rendered":"EDS"},"content":{"rendered":"\t\t<div data-elementor-type=\"wp-page\" data-elementor-id=\"42436\" class=\"elementor elementor-42436 elementor-25861\" data-elementor-post-type=\"page\">\n\t\t\t\t\t\t<section class=\"elementor-section elementor-top-section elementor-element elementor-element-264b984 elementor-section-stretched elementor-section-boxed elementor-section-height-default elementor-section-height-default\" data-id=\"264b984\" data-element_type=\"section\" data-e-type=\"section\" data-settings=\"{&quot;stretch_section&quot;:&quot;section-stretched&quot;}\">\n\t\t\t\t\t\t<div class=\"elementor-container elementor-column-gap-no\">\n\t\t\t\t\t<div class=\"elementor-column elementor-col-50 elementor-top-column elementor-element elementor-element-ea8fd7b\" data-id=\"ea8fd7b\" data-element_type=\"column\" data-e-type=\"column\">\n\t\t\t<div class=\"elementor-widget-wrap elementor-element-populated\">\n\t\t\t\t\t\t<div class=\"elementor-element elementor-element-6d20f17 elementor-widget elementor-widget-ucaddon_uc_scroll_reveal_text\" data-id=\"6d20f17\" data-element_type=\"widget\" data-e-type=\"widget\" data-widget_type=\"ucaddon_uc_scroll_reveal_text.default\">\n\t\t\t\t<div class=\"elementor-widget-container\">\n\t\t\t\t\t\n<!-- start Encabezado H1 -->\n\t\t<link id='uc_ac_assets_file_aos_css_26053-css' href='https:\/\/www.eiffageenergiasistemas.com\/wp-content\/uploads\/ac_assets\/uc_scroll_reveal_text\/aos.css' type='text\/css' rel='stylesheet' >\n\t\t<link id='uc_ac_assets_file_uc_scroll_reveal_text_css_3552-css' href='https:\/\/www.eiffageenergiasistemas.com\/wp-content\/uploads\/ac_assets\/uc_scroll_reveal_text\/uc_scroll_reveal_text.css' type='text\/css' rel='stylesheet' >\n\n<style>\/* widget: Encabezado H1 *\/\n\n#uc_uc_scroll_reveal_text_elementor_6d20f17.uc_scroll_reveal_text {\n    text-align: left;\n}\n#uc_uc_scroll_reveal_text_elementor_6d20f17 .uc_reveal_holder .uc_reveal-block {\n    background: #AAAAAA;\n}\n#uc_uc_scroll_reveal_text_elementor_6d20f17 .uc_reveal_holder .uc_reveal-block::before{\n  \tbackground: ;\n}\n\n<\/style>\n\n<section class=\"uc_scroll_reveal_text\" id=\"uc_uc_scroll_reveal_text_elementor_6d20f17\">\n    <div class=\"uc_reveal_holder\" data-aos=\"reveal-item\" >\n        <div class=\"uc_reveal-block right\" data-aos=\"reveal-right\" data-aos-delay=\"300\"><\/div>\n        <h1><span  class=\"uc_style_uc_scroll_reveal_text_elementor_title\" style=\"color:#000000;\">EDS<\/span><\/h1>\n    <\/div>\n<\/section>\n<!-- end Encabezado H1 -->\t\t\t\t<\/div>\n\t\t\t\t<\/div>\n\t\t\t\t<div class=\"elementor-element elementor-element-d8f8d85 elementor-widget elementor-widget-image\" data-id=\"d8f8d85\" data-element_type=\"widget\" data-e-type=\"widget\" data-widget_type=\"image.default\">\n\t\t\t\t<div class=\"elementor-widget-container\">\n\t\t\t\t\t\t\t\t\t\t\t\t\t\t\t<img decoding=\"async\" width=\"157\" height=\"87\" src=\"https:\/\/www.eiffageenergiasistemas.com\/wp-content\/uploads\/2021\/03\/eds.png\" class=\"attachment-full size-full wp-image-37427\" alt=\"\" \/>\t\t\t\t\t\t\t\t\t\t\t\t\t\t\t<\/div>\n\t\t\t\t<\/div>\n\t\t\t\t<div class=\"elementor-element elementor-element-6223ea5 elementor-widget elementor-widget-text-editor\" data-id=\"6223ea5\" data-element_type=\"widget\" data-e-type=\"widget\" data-widget_type=\"text-editor.default\">\n\t\t\t\t<div class=\"elementor-widget-container\">\n\t\t\t\t\t\t\t\t\t<p>EDS Ingenier\u00edas y Montajes S.A. is the Eiffage Energ\u00eda subsidiary specialising in the design, construction, installation and commissioning of electrical and telecommunications facilities, and their subsequent maintenance.<\/p><p>EDS Ingenier\u00eda y Montajes, S.A. is operates both nationally and internationally, when requested by the customer.<\/p><p>It currently has eight branches in Araba, Biscay, Gipuzkoa, Navarra and La Rioja.<\/p><p>It was founded in 1998 as a result of the merger of a group of companies with over 20 years of experience in the high and low voltage electrical engineering and assemblies sector. Since its creation, the company&#8217;s philosophy has been to combine the professional experience built up over more than 20 years by the companies that made it possible, with the ongoing incorporation of the most advanced technical and human resources in the sector. Its main objective is to provide its customers with the fullest range of services while maintaining the highest quality and environmental standards at all times and making any required commitment to the best occupational prevention and safety conditions.<\/p>\t\t\t\t\t\t\t\t<\/div>\n\t\t\t\t<\/div>\n\t\t\t\t\t<\/div>\n\t\t<\/div>\n\t\t\t\t<div class=\"elementor-column elementor-col-50 elementor-top-column elementor-element elementor-element-422a401\" data-id=\"422a401\" data-element_type=\"column\" data-e-type=\"column\">\n\t\t\t<div class=\"elementor-widget-wrap elementor-element-populated\">\n\t\t\t\t\t\t<div class=\"elementor-element elementor-element-bb6d546 animated-slow elementor-invisible elementor-widget elementor-widget-image\" data-id=\"bb6d546\" data-element_type=\"widget\" data-e-type=\"widget\" data-settings=\"{&quot;_animation&quot;:&quot;fadeIn&quot;,&quot;_animation_delay&quot;:300}\" data-widget_type=\"image.default\">\n\t\t\t\t<div class=\"elementor-widget-container\">\n\t\t\t\t\t\t\t\t\t\t\t\t\t\t\t<img decoding=\"async\" src=\"https:\/\/www.eiffageenergiasistemas.com\/wp-content\/uploads\/elementor\/thumbs\/eds-q0siff6odm61e0pe36jsuw394hupa7n1m6f332lf1s.jpg\" title=\"eds\" alt=\"eds\" loading=\"lazy\" \/>\t\t\t\t\t\t\t\t\t\t\t\t\t\t\t<\/div>\n\t\t\t\t<\/div>\n\t\t\t\t\t<\/div>\n\t\t<\/div>\n\t\t\t\t\t<\/div>\n\t\t<\/section>\n\t\t\t\t<section class=\"elementor-section elementor-top-section elementor-element elementor-element-596ed2d elementor-section-stretched elementor-section-boxed elementor-section-height-default elementor-section-height-default\" data-id=\"596ed2d\" data-element_type=\"section\" data-e-type=\"section\" data-settings=\"{&quot;stretch_section&quot;:&quot;section-stretched&quot;}\">\n\t\t\t\t\t\t<div class=\"elementor-container elementor-column-gap-no\">\n\t\t\t\t\t<div class=\"elementor-column elementor-col-33 elementor-top-column elementor-element elementor-element-f9a48f3\" data-id=\"f9a48f3\" data-element_type=\"column\" data-e-type=\"column\">\n\t\t\t<div class=\"elementor-widget-wrap elementor-element-populated\">\n\t\t\t\t\t\t<div class=\"elementor-element elementor-element-7012de5 elementor-invisible elementor-widget elementor-widget-heading\" data-id=\"7012de5\" data-element_type=\"widget\" data-e-type=\"widget\" data-settings=\"{&quot;_animation&quot;:&quot;fadeIn&quot;}\" data-widget_type=\"heading.default\">\n\t\t\t\t<div class=\"elementor-widget-container\">\n\t\t\t\t\t<h2 class=\"elementor-heading-title elementor-size-default\">Projects<\/h2>\t\t\t\t<\/div>\n\t\t\t\t<\/div>\n\t\t\t\t<div class=\"elementor-element elementor-element-1337484 elementor-widget elementor-widget-text-editor\" data-id=\"1337484\" data-element_type=\"widget\" data-e-type=\"widget\" data-widget_type=\"text-editor.default\">\n\t\t\t\t<div class=\"elementor-widget-container\">\n\t\t\t\t\t\t\t\t\t<p>It conducts studies of existing facilities in order to provide solutions to achieve greater efficiency. Its projects can either be &#8220;<strong>turnkey<\/strong>&#8220;, or implemented using other formulae.<\/p>\t\t\t\t\t\t\t\t<\/div>\n\t\t\t\t<\/div>\n\t\t\t\t<div class=\"elementor-element elementor-element-493c52c elementor-invisible elementor-widget elementor-widget-heading\" data-id=\"493c52c\" data-element_type=\"widget\" data-e-type=\"widget\" data-settings=\"{&quot;_animation&quot;:&quot;fadeIn&quot;}\" data-widget_type=\"heading.default\">\n\t\t\t\t<div class=\"elementor-widget-container\">\n\t\t\t\t\t<h2 class=\"elementor-heading-title elementor-size-default\">Experience<\/h2>\t\t\t\t<\/div>\n\t\t\t\t<\/div>\n\t\t\t\t<div class=\"elementor-element elementor-element-ddbda51 elementor-widget elementor-widget-text-editor\" data-id=\"ddbda51\" data-element_type=\"widget\" data-e-type=\"widget\" data-widget_type=\"text-editor.default\">\n\t\t\t\t<div class=\"elementor-widget-container\">\n\t\t\t\t\t\t\t\t\t<p>\u00a0Its <strong>experience<\/strong> in works and projects within the electrical sector, together with the most modern equipment and material resources, allows it to provide customers with an exclusive and personalised service, with competitive solutions in terms of quality, costs, time, efficiency and sustainability.<\/p>\t\t\t\t\t\t\t\t<\/div>\n\t\t\t\t<\/div>\n\t\t\t\t<div class=\"elementor-element elementor-element-fde75aa elementor-invisible elementor-widget elementor-widget-heading\" data-id=\"fde75aa\" data-element_type=\"widget\" data-e-type=\"widget\" data-settings=\"{&quot;_animation&quot;:&quot;fadeIn&quot;}\" data-widget_type=\"heading.default\">\n\t\t\t\t<div class=\"elementor-widget-container\">\n\t\t\t\t\t<h2 class=\"elementor-heading-title elementor-size-default\">Flexibility<\/h2>\t\t\t\t<\/div>\n\t\t\t\t<\/div>\n\t\t\t\t<div class=\"elementor-element elementor-element-75650fe elementor-widget elementor-widget-text-editor\" data-id=\"75650fe\" data-element_type=\"widget\" data-e-type=\"widget\" data-widget_type=\"text-editor.default\">\n\t\t\t\t<div class=\"elementor-widget-container\">\n\t\t\t\t\t\t\t\t\t<p>Its range of services is not exclusively aimed at electricity companies. It also works for private customers, small and large companies and public bodies, in each case providing the perfect solution for the needs.<\/p>\t\t\t\t\t\t\t\t<\/div>\n\t\t\t\t<\/div>\n\t\t\t\t\t<\/div>\n\t\t<\/div>\n\t\t\t\t<div class=\"elementor-column elementor-col-33 elementor-top-column elementor-element elementor-element-3ded66f\" data-id=\"3ded66f\" data-element_type=\"column\" data-e-type=\"column\">\n\t\t\t<div class=\"elementor-widget-wrap\">\n\t\t\t\t\t\t\t<\/div>\n\t\t<\/div>\n\t\t\t\t<div class=\"elementor-column elementor-col-33 elementor-top-column elementor-element elementor-element-8fd6d22\" data-id=\"8fd6d22\" data-element_type=\"column\" data-e-type=\"column\">\n\t\t\t<div class=\"elementor-widget-wrap elementor-element-populated\">\n\t\t\t\t\t\t<div class=\"elementor-element elementor-element-b8e473e elementor-blockquote--skin-quotation elementor-blockquote--align-left elementor-widget elementor-widget-blockquote\" data-id=\"b8e473e\" data-element_type=\"widget\" data-e-type=\"widget\" data-widget_type=\"blockquote.default\">\n\t\t\t\t<div class=\"elementor-widget-container\">\n\t\t\t\t\t\t\t<blockquote class=\"elementor-blockquote\">\n\t\t\t<p class=\"elementor-blockquote__content\">\n\t\t\t\tIts main objective is to provide the most comprehensive services to its customers.\" \t\t\t<\/p>\n\t\t\t\t\t<\/blockquote>\n\t\t\t\t\t\t<\/div>\n\t\t\t\t<\/div>\n\t\t\t\t\t<\/div>\n\t\t<\/div>\n\t\t\t\t\t<\/div>\n\t\t<\/section>\n\t\t\t\t<section class=\"elementor-section elementor-top-section elementor-element elementor-element-6b4db86 elementor-section-boxed elementor-section-height-default elementor-section-height-default\" data-id=\"6b4db86\" data-element_type=\"section\" data-e-type=\"section\">\n\t\t\t\t\t\t<div class=\"elementor-container elementor-column-gap-default\">\n\t\t\t\t\t<div class=\"elementor-column elementor-col-100 elementor-top-column elementor-element elementor-element-8678124\" data-id=\"8678124\" data-element_type=\"column\" data-e-type=\"column\">\n\t\t\t<div class=\"elementor-widget-wrap elementor-element-populated\">\n\t\t\t\t\t\t<div class=\"elementor-element elementor-element-6505758 elementor-widget elementor-widget-button\" data-id=\"6505758\" data-element_type=\"widget\" data-e-type=\"widget\" data-widget_type=\"button.default\">\n\t\t\t\t<div class=\"elementor-widget-container\">\n\t\t\t\t\t\t\t\t\t<div class=\"elementor-button-wrapper\">\n\t\t\t\t\t<a class=\"elementor-button elementor-button-link elementor-size-sm\" href=\"https:\/\/www.eiffageenergiasistemas.com\/wp-content\/uploads\/2022\/01\/ANEXO-II-_politica-MANUAL_SISTEMA-2018.pdf\">\n\t\t\t\t\t\t<span class=\"elementor-button-content-wrapper\">\n\t\t\t\t\t\t<span class=\"elementor-button-icon\">\n\t\t\t\t<i aria-hidden=\"true\" class=\"fas fa-arrow-alt-circle-down\"><\/i>\t\t\t<\/span>\n\t\t\t\t\t\t\t\t\t<span class=\"elementor-button-text\">Quality and Environmental Policy<\/span>\n\t\t\t\t\t<\/span>\n\t\t\t\t\t<\/a>\n\t\t\t\t<\/div>\n\t\t\t\t\t\t\t\t<\/div>\n\t\t\t\t<\/div>\n\t\t\t\t\t<\/div>\n\t\t<\/div>\n\t\t\t\t\t<\/div>\n\t\t<\/section>\n\t\t\t\t<\/div>\n\t\t","protected":false},"excerpt":{"rendered":"<p>EDS Ingenier\u00edas y Montajes S.A. is the Eiffage Energ\u00eda subsidiary specialising in the design, construction, installation and commissioning of electrical and telecommunications facilities, and their subsequent maintenance. EDS Ingenier\u00eda y Montajes, S.A. is operates both nationally and internationally, when requested by the customer. It currently has eight branches in Araba, Biscay, Gipuzkoa, Navarra and La &#8230; <a title=\"EDS\" class=\"read-more\" href=\"https:\/\/www.eiffageenergiasistemas.com\/en\/eiffage\/eiffage-energia-subsidiaries\/eds\/\" aria-label=\"Read more about EDS\">Read more<\/a><\/p>\n","protected":false},"author":1,"featured_media":0,"parent":40763,"menu_order":0,"comment_status":"closed","ping_status":"closed","template":"elementor_header_footer","meta":{"footnotes":""},"class_list":["post-42436","page","type-page","status-publish"],"yoast_head":"<!-- This site is optimized with the Yoast SEO plugin v27.4 - https:\/\/yoast.com\/product\/yoast-seo-wordpress\/ -->\n<title>EDS - Eiffage Energ\u00eda Sistemas<\/title>\n<meta name=\"robots\" content=\"index, follow, max-snippet:-1, max-image-preview:large, max-video-preview:-1\" \/>\n<link rel=\"canonical\" href=\"https:\/\/www.eiffageenergiasistemas.com\/en\/eiffage\/eiffage-energia-subsidiaries\/eds\/\" \/>\n<meta property=\"og:locale\" content=\"en_US\" \/>\n<meta property=\"og:type\" content=\"article\" \/>\n<meta property=\"og:title\" content=\"EDS - Eiffage Energ\u00eda Sistemas\" \/>\n<meta property=\"og:description\" content=\"EDS Ingenier\u00edas y Montajes S.A. is the Eiffage Energ\u00eda subsidiary specialising in the design, construction, installation and commissioning of electrical and telecommunications facilities, and their subsequent maintenance. EDS Ingenier\u00eda y Montajes, S.A. is operates both nationally and internationally, when requested by the customer. It currently has eight branches in Araba, Biscay, Gipuzkoa, Navarra and La ... Read more\" \/>\n<meta property=\"og:url\" content=\"https:\/\/www.eiffageenergiasistemas.com\/en\/eiffage\/eiffage-energia-subsidiaries\/eds\/\" \/>\n<meta property=\"og:site_name\" content=\"Eiffage Energ\u00eda Sistemas\" \/>\n<meta property=\"article:modified_time\" content=\"2022-02-01T15:16:37+00:00\" \/>\n<meta property=\"og:image\" content=\"https:\/\/www.eiffageenergiasistemas.com\/wp-content\/uploads\/2021\/03\/eds.png\" \/>\n<meta name=\"twitter:card\" content=\"summary_large_image\" \/>\n<script type=\"application\/ld+json\" class=\"yoast-schema-graph\">{\"@context\":\"https:\\\/\\\/schema.org\",\"@graph\":[{\"@type\":\"WebPage\",\"@id\":\"https:\\\/\\\/www.eiffageenergiasistemas.com\\\/en\\\/eiffage\\\/eiffage-energia-subsidiaries\\\/eds\\\/\",\"url\":\"https:\\\/\\\/www.eiffageenergiasistemas.com\\\/en\\\/eiffage\\\/eiffage-energia-subsidiaries\\\/eds\\\/\",\"name\":\"EDS - Eiffage Energ\u00eda Sistemas\",\"isPartOf\":{\"@id\":\"https:\\\/\\\/www.eiffageenergiasistemas.com\\\/en\\\/#website\"},\"primaryImageOfPage\":{\"@id\":\"https:\\\/\\\/www.eiffageenergiasistemas.com\\\/en\\\/eiffage\\\/eiffage-energia-subsidiaries\\\/eds\\\/#primaryimage\"},\"image\":{\"@id\":\"https:\\\/\\\/www.eiffageenergiasistemas.com\\\/en\\\/eiffage\\\/eiffage-energia-subsidiaries\\\/eds\\\/#primaryimage\"},\"thumbnailUrl\":\"https:\\\/\\\/www.eiffageenergiasistemas.com\\\/wp-content\\\/uploads\\\/2021\\\/03\\\/eds.png\",\"datePublished\":\"2020-08-16T14:12:08+00:00\",\"dateModified\":\"2022-02-01T15:16:37+00:00\",\"breadcrumb\":{\"@id\":\"https:\\\/\\\/www.eiffageenergiasistemas.com\\\/en\\\/eiffage\\\/eiffage-energia-subsidiaries\\\/eds\\\/#breadcrumb\"},\"inLanguage\":\"en-US\",\"potentialAction\":[{\"@type\":\"ReadAction\",\"target\":[\"https:\\\/\\\/www.eiffageenergiasistemas.com\\\/en\\\/eiffage\\\/eiffage-energia-subsidiaries\\\/eds\\\/\"]}]},{\"@type\":\"ImageObject\",\"inLanguage\":\"en-US\",\"@id\":\"https:\\\/\\\/www.eiffageenergiasistemas.com\\\/en\\\/eiffage\\\/eiffage-energia-subsidiaries\\\/eds\\\/#primaryimage\",\"url\":\"https:\\\/\\\/www.eiffageenergiasistemas.com\\\/wp-content\\\/uploads\\\/2021\\\/03\\\/eds.png\",\"contentUrl\":\"https:\\\/\\\/www.eiffageenergiasistemas.com\\\/wp-content\\\/uploads\\\/2021\\\/03\\\/eds.png\"},{\"@type\":\"BreadcrumbList\",\"@id\":\"https:\\\/\\\/www.eiffageenergiasistemas.com\\\/en\\\/eiffage\\\/eiffage-energia-subsidiaries\\\/eds\\\/#breadcrumb\",\"itemListElement\":[{\"@type\":\"ListItem\",\"position\":1,\"name\":\"Home\",\"item\":\"https:\\\/\\\/www.eiffageenergiasistemas.com\\\/en\\\/\"},{\"@type\":\"ListItem\",\"position\":2,\"name\":\"Eiffage\",\"item\":\"https:\\\/\\\/www.eiffageenergiasistemas.com\\\/en\\\/eiffage\\\/\"},{\"@type\":\"ListItem\",\"position\":3,\"name\":\"Subsidiaries\",\"item\":\"https:\\\/\\\/www.eiffageenergiasistemas.com\\\/en\\\/eiffage\\\/filiales-de-eiffage-energia\\\/\"},{\"@type\":\"ListItem\",\"position\":4,\"name\":\"EDS\"}]},{\"@type\":\"WebSite\",\"@id\":\"https:\\\/\\\/www.eiffageenergiasistemas.com\\\/en\\\/#website\",\"url\":\"https:\\\/\\\/www.eiffageenergiasistemas.com\\\/en\\\/\",\"name\":\"Eiffage Energ\u00eda Sistemas\",\"description\":\"\",\"publisher\":{\"@id\":\"https:\\\/\\\/www.eiffageenergiasistemas.com\\\/en\\\/#organization\"},\"potentialAction\":[{\"@type\":\"SearchAction\",\"target\":{\"@type\":\"EntryPoint\",\"urlTemplate\":\"https:\\\/\\\/www.eiffageenergiasistemas.com\\\/en\\\/?s={search_term_string}\"},\"query-input\":{\"@type\":\"PropertyValueSpecification\",\"valueRequired\":true,\"valueName\":\"search_term_string\"}}],\"inLanguage\":\"en-US\"},{\"@type\":\"Organization\",\"@id\":\"https:\\\/\\\/www.eiffageenergiasistemas.com\\\/en\\\/#organization\",\"name\":\"Eiffage Energ\u00eda Sistemas\",\"url\":\"https:\\\/\\\/www.eiffageenergiasistemas.com\\\/en\\\/\",\"logo\":{\"@type\":\"ImageObject\",\"inLanguage\":\"en-US\",\"@id\":\"https:\\\/\\\/www.eiffageenergiasistemas.com\\\/en\\\/#\\\/schema\\\/logo\\\/image\\\/\",\"url\":\"https:\\\/\\\/www.eiffageenergiasistemas.com\\\/wp-content\\\/uploads\\\/2022\\\/05\\\/cropped-cropped-eiffage-energia-sistemas-logo-1.png\",\"contentUrl\":\"https:\\\/\\\/www.eiffageenergiasistemas.com\\\/wp-content\\\/uploads\\\/2022\\\/05\\\/cropped-cropped-eiffage-energia-sistemas-logo-1.png\",\"width\":741,\"height\":250,\"caption\":\"Eiffage Energ\u00eda Sistemas\"},\"image\":{\"@id\":\"https:\\\/\\\/www.eiffageenergiasistemas.com\\\/en\\\/#\\\/schema\\\/logo\\\/image\\\/\"}}]}<\/script>\n<!-- \/ Yoast SEO plugin. -->","yoast_head_json":{"title":"EDS - Eiffage Energ\u00eda Sistemas","robots":{"index":"index","follow":"follow","max-snippet":"max-snippet:-1","max-image-preview":"max-image-preview:large","max-video-preview":"max-video-preview:-1"},"canonical":"https:\/\/www.eiffageenergiasistemas.com\/en\/eiffage\/eiffage-energia-subsidiaries\/eds\/","og_locale":"en_US","og_type":"article","og_title":"EDS - Eiffage Energ\u00eda Sistemas","og_description":"EDS Ingenier\u00edas y Montajes S.A. is the Eiffage Energ\u00eda subsidiary specialising in the design, construction, installation and commissioning of electrical and telecommunications facilities, and their subsequent maintenance. EDS Ingenier\u00eda y Montajes, S.A. is operates both nationally and internationally, when requested by the customer. It currently has eight branches in Araba, Biscay, Gipuzkoa, Navarra and La ... Read more","og_url":"https:\/\/www.eiffageenergiasistemas.com\/en\/eiffage\/eiffage-energia-subsidiaries\/eds\/","og_site_name":"Eiffage Energ\u00eda Sistemas","article_modified_time":"2022-02-01T15:16:37+00:00","og_image":[{"url":"https:\/\/www.eiffageenergiasistemas.com\/wp-content\/uploads\/2021\/03\/eds.png","type":"","width":"","height":""}],"twitter_card":"summary_large_image","schema":{"@context":"https:\/\/schema.org","@graph":[{"@type":"WebPage","@id":"https:\/\/www.eiffageenergiasistemas.com\/en\/eiffage\/eiffage-energia-subsidiaries\/eds\/","url":"https:\/\/www.eiffageenergiasistemas.com\/en\/eiffage\/eiffage-energia-subsidiaries\/eds\/","name":"EDS - Eiffage Energ\u00eda Sistemas","isPartOf":{"@id":"https:\/\/www.eiffageenergiasistemas.com\/en\/#website"},"primaryImageOfPage":{"@id":"https:\/\/www.eiffageenergiasistemas.com\/en\/eiffage\/eiffage-energia-subsidiaries\/eds\/#primaryimage"},"image":{"@id":"https:\/\/www.eiffageenergiasistemas.com\/en\/eiffage\/eiffage-energia-subsidiaries\/eds\/#primaryimage"},"thumbnailUrl":"https:\/\/www.eiffageenergiasistemas.com\/wp-content\/uploads\/2021\/03\/eds.png","datePublished":"2020-08-16T14:12:08+00:00","dateModified":"2022-02-01T15:16:37+00:00","breadcrumb":{"@id":"https:\/\/www.eiffageenergiasistemas.com\/en\/eiffage\/eiffage-energia-subsidiaries\/eds\/#breadcrumb"},"inLanguage":"en-US","potentialAction":[{"@type":"ReadAction","target":["https:\/\/www.eiffageenergiasistemas.com\/en\/eiffage\/eiffage-energia-subsidiaries\/eds\/"]}]},{"@type":"ImageObject","inLanguage":"en-US","@id":"https:\/\/www.eiffageenergiasistemas.com\/en\/eiffage\/eiffage-energia-subsidiaries\/eds\/#primaryimage","url":"https:\/\/www.eiffageenergiasistemas.com\/wp-content\/uploads\/2021\/03\/eds.png","contentUrl":"https:\/\/www.eiffageenergiasistemas.com\/wp-content\/uploads\/2021\/03\/eds.png"},{"@type":"BreadcrumbList","@id":"https:\/\/www.eiffageenergiasistemas.com\/en\/eiffage\/eiffage-energia-subsidiaries\/eds\/#breadcrumb","itemListElement":[{"@type":"ListItem","position":1,"name":"Home","item":"https:\/\/www.eiffageenergiasistemas.com\/en\/"},{"@type":"ListItem","position":2,"name":"Eiffage","item":"https:\/\/www.eiffageenergiasistemas.com\/en\/eiffage\/"},{"@type":"ListItem","position":3,"name":"Subsidiaries","item":"https:\/\/www.eiffageenergiasistemas.com\/en\/eiffage\/filiales-de-eiffage-energia\/"},{"@type":"ListItem","position":4,"name":"EDS"}]},{"@type":"WebSite","@id":"https:\/\/www.eiffageenergiasistemas.com\/en\/#website","url":"https:\/\/www.eiffageenergiasistemas.com\/en\/","name":"Eiffage Energ\u00eda Sistemas","description":"","publisher":{"@id":"https:\/\/www.eiffageenergiasistemas.com\/en\/#organization"},"potentialAction":[{"@type":"SearchAction","target":{"@type":"EntryPoint","urlTemplate":"https:\/\/www.eiffageenergiasistemas.com\/en\/?s={search_term_string}"},"query-input":{"@type":"PropertyValueSpecification","valueRequired":true,"valueName":"search_term_string"}}],"inLanguage":"en-US"},{"@type":"Organization","@id":"https:\/\/www.eiffageenergiasistemas.com\/en\/#organization","name":"Eiffage Energ\u00eda Sistemas","url":"https:\/\/www.eiffageenergiasistemas.com\/en\/","logo":{"@type":"ImageObject","inLanguage":"en-US","@id":"https:\/\/www.eiffageenergiasistemas.com\/en\/#\/schema\/logo\/image\/","url":"https:\/\/www.eiffageenergiasistemas.com\/wp-content\/uploads\/2022\/05\/cropped-cropped-eiffage-energia-sistemas-logo-1.png","contentUrl":"https:\/\/www.eiffageenergiasistemas.com\/wp-content\/uploads\/2022\/05\/cropped-cropped-eiffage-energia-sistemas-logo-1.png","width":741,"height":250,"caption":"Eiffage Energ\u00eda Sistemas"},"image":{"@id":"https:\/\/www.eiffageenergiasistemas.com\/en\/#\/schema\/logo\/image\/"}}]}},"_links":{"self":[{"href":"https:\/\/www.eiffageenergiasistemas.com\/en\/wp-json\/wp\/v2\/pages\/42436","targetHints":{"allow":["GET"]}}],"collection":[{"href":"https:\/\/www.eiffageenergiasistemas.com\/en\/wp-json\/wp\/v2\/pages"}],"about":[{"href":"https:\/\/www.eiffageenergiasistemas.com\/en\/wp-json\/wp\/v2\/types\/page"}],"author":[{"embeddable":true,"href":"https:\/\/www.eiffageenergiasistemas.com\/en\/wp-json\/wp\/v2\/users\/1"}],"replies":[{"embeddable":true,"href":"https:\/\/www.eiffageenergiasistemas.com\/en\/wp-json\/wp\/v2\/comments?post=42436"}],"version-history":[{"count":0,"href":"https:\/\/www.eiffageenergiasistemas.com\/en\/wp-json\/wp\/v2\/pages\/42436\/revisions"}],"up":[{"embeddable":true,"href":"https:\/\/www.eiffageenergiasistemas.com\/en\/wp-json\/wp\/v2\/pages\/40763"}],"wp:attachment":[{"href":"https:\/\/www.eiffageenergiasistemas.com\/en\/wp-json\/wp\/v2\/media?parent=42436"}],"curies":[{"name":"wp","href":"https:\/\/api.w.org\/{rel}","templated":true}]}}